{"id":3601,"date":"2023-04-03T07:54:47","date_gmt":"2023-04-03T05:54:47","guid":{"rendered":"http:\/\/berlin-boehm.de\/Kanty\/?page_id=3601"},"modified":"2023-04-06T16:37:42","modified_gmt":"2023-04-06T14:37:42","slug":"philosophie","status":"publish","type":"page","link":"http:\/\/berlin-boehm.de\/Kanty\/philosophie","title":{"rendered":"Wissenschaft\/Statistik"},"content":{"rendered":"<div id='av-layout-grid-1'  class='av-layout-grid-container av-8xm81t-8bf2053ffbd50c846076872eb81ba97d entry-content-wrapper main_color av-flex-cells  avia-builder-el-0  el_before_av_layout_row  avia-builder-el-first   container_wrap fullsize'  >\n\n<style type=\"text\/css\" data-created_by=\"avia_inline_auto\" id=\"style-css-av-lg0eytwc-334ac17af7071bea0732e2b408e6a2e2\">\n.flex_cell.av-lg0eytwc-334ac17af7071bea0732e2b408e6a2e2{\nvertical-align:middle;\nheight:500px;\nmin-height:500px;\nbackground:url(http:\/\/berlin-boehm.de\/wp-content\/uploads\/2023\/04\/alice8.jpg) 0% 0% no-repeat scroll #22689e;\n}\n.responsive #top #wrap_all .flex_cell.av-lg0eytwc-334ac17af7071bea0732e2b408e6a2e2{\npadding:0px 0px 0px 0px !important;\n}\n<\/style>\n<div class='flex_cell av-lg0eytwc-334ac17af7071bea0732e2b408e6a2e2 av-gridrow-cell av_one_half no_margin  avia-builder-el-1  el_before_av_cell_one_half  avia-builder-el-first  content-align-middle av-zero-padding avia-full-contain'  ><div class='flex_cell_inner'><\/div><\/div>\n<style type=\"text\/css\" data-created_by=\"avia_inline_auto\" id=\"style-css-av-71ivld-3d65ab65b9c3060fe4ed697276b1675e\">\n.flex_cell.av-71ivld-3d65ab65b9c3060fe4ed697276b1675e{\nvertical-align:middle;\nheight:500px;\nmin-height:500px;\nbackground-color:#22689e;\n}\n.responsive #top #wrap_all .flex_cell.av-71ivld-3d65ab65b9c3060fe4ed697276b1675e{\npadding:80px 80px 80px 80px !important;\n}\n<\/style>\n<div class='flex_cell av-71ivld-3d65ab65b9c3060fe4ed697276b1675e av-gridrow-cell av_one_half no_margin  avia-builder-el-2  el_after_av_cell_one_half  avia-builder-el-last  content-align-middle'  ><div class='flex_cell_inner'><p>\n<style type=\"text\/css\" data-created_by=\"avia_inline_auto\" id=\"style-css-av-lg0ey1n8-b774bda36c2bdf7d0bb0fd3e26f8e2a5\">\n#top .av-special-heading.av-lg0ey1n8-b774bda36c2bdf7d0bb0fd3e26f8e2a5{\npadding-bottom:25px;\ncolor:#ffffff;\nfont-size:34px;\n}\nbody .av-special-heading.av-lg0ey1n8-b774bda36c2bdf7d0bb0fd3e26f8e2a5 .av-special-heading-tag .heading-char{\nfont-size:25px;\n}\n#top #wrap_all .av-special-heading.av-lg0ey1n8-b774bda36c2bdf7d0bb0fd3e26f8e2a5 .av-special-heading-tag{\nfont-size:34px;\n}\n.av-special-heading.av-lg0ey1n8-b774bda36c2bdf7d0bb0fd3e26f8e2a5 .special-heading-inner-border{\nborder-color:#ffffff;\n}\n.av-special-heading.av-lg0ey1n8-b774bda36c2bdf7d0bb0fd3e26f8e2a5 .av-subheading{\nfont-size:15px;\n}\n\n@media only screen and (min-width: 480px) and (max-width: 767px){ \n#top #wrap_all .av-special-heading.av-lg0ey1n8-b774bda36c2bdf7d0bb0fd3e26f8e2a5 .av-special-heading-tag{\nfont-size:0.8em;\n}\n}\n\n@media only screen and (max-width: 479px){ \n#top #wrap_all .av-special-heading.av-lg0ey1n8-b774bda36c2bdf7d0bb0fd3e26f8e2a5 .av-special-heading-tag{\nfont-size:0.8em;\n}\n}\n<\/style>\n<div  class='av-special-heading av-lg0ey1n8-b774bda36c2bdf7d0bb0fd3e26f8e2a5 av-special-heading-h3 custom-color-heading blockquote modern-quote modern-centered  avia-builder-el-3  el_before_av_textblock  avia-builder-el-first  av-inherit-size'><h3 class='av-special-heading-tag '  itemprop=\"headline\"  >Statistik<\/h3><div class=\"special-heading-border\"><div class=\"special-heading-inner-border\"><\/div><\/div><\/div><br \/>\n\n<style type=\"text\/css\" data-created_by=\"avia_inline_auto\" id=\"style-css-av-lg0ey9z4-0f785977c65503a5fd224cde876d4d48\">\n#top .av_textblock_section.av-lg0ey9z4-0f785977c65503a5fd224cde876d4d48 .avia_textblock{\ncolor:#ffffff;\n}\n<\/style>\n<section  class='av_textblock_section av-lg0ey9z4-0f785977c65503a5fd224cde876d4d48 '   itemscope=\"itemscope\" itemtype=\"https:\/\/schema.org\/CreativeWork\" ><div class='avia_textblock av_inherit_color'  itemprop=\"text\" ><p style=\"text-align: center;\">Die &#8222;Grundlagen der (medizinischen) Statistik&#8220; ist f\u00fcr alle geeignet, die sich nur die Grundrechenarten zutrauen und bei jeder mathematischen Formel erschaudern. Sie ist als Einf\u00fchrung f\u00fcr alle akademischen F\u00e4cher geeignet.<\/p>\n<p style=\"text-align: center;\">Unter Statistik werden nicht nur Berechnungen verstanden, sondern sie umfasst die grundlegende Methodologie moderner Wissenschaften. Es ist deshalb ratsam, sich nach der Lekt\u00fcre der Grundlagen an eine tiefere Einarbeitung zu wagen. Es lohnt sich.<\/p>\n<\/div><\/section><br \/>\n<div  class='avia-buttonrow-wrap av-lg3uh2mk-558c851ac7d684f4a982fc8e46b835f6 avia-buttonrow-center  avia-builder-el-5  el_after_av_textblock  avia-builder-el-last '>\n\n<style type=\"text\/css\" data-created_by=\"avia_inline_auto\" id=\"style-css-av-lg3ughn0-5ad4606bfd6bd5a8fbd040b7aff5cc89\">\n#top #wrap_all .avia-button.av-lg3ughn0-5ad4606bfd6bd5a8fbd040b7aff5cc89{\nmargin-bottom:5px;\nmargin-right:3px;\nmargin-left:3px;\n}\n<\/style>\n<a href='http:\/\/berlin-boehm.de\/Kanty\/archive\/4343'  class='avia-button av-lg3ughn0-5ad4606bfd6bd5a8fbd040b7aff5cc89 avia-icon_select-yes-left-icon avia-size-small avia-color-theme-color'   aria-label=\"Pdf lesen\"><span class='avia_button_icon avia_button_icon_left avia-iconfont avia-font-entypo-fontello' data-av_icon='\ue84b' data-av_iconfont='entypo-fontello' ><\/span><span class='avia_iconbox_title' >Pdf lesen<\/span><\/a>\n\n<style type=\"text\/css\" data-created_by=\"avia_inline_auto\" id=\"style-css-av-lg3ugsb6-abf7ed16bf62510efdc486d075d288a4\">\n#top #wrap_all .avia-button.av-lg3ugsb6-abf7ed16bf62510efdc486d075d288a4{\nmargin-bottom:5px;\nmargin-right:3px;\nmargin-left:3px;\n}\n<\/style>\n<a href='http:\/\/berlin-boehm.de\/Kanty\/archive\/4351'  class='avia-button av-lg3ugsb6-abf7ed16bf62510efdc486d075d288a4 avia-icon_select-yes-left-icon avia-size-small avia-color-theme-color'   aria-label=\"Lesen\"><span class='avia_button_icon avia_button_icon_left avia-iconfont avia-font-entypo-fontello' data-av_icon='\ue84e' data-av_iconfont='entypo-fontello' ><\/span><span class='avia_iconbox_title' >Lesen<\/span><\/a>\n<\/div><\/p>\n<\/div><\/div><\/div><div id='av-layout-grid-2'  class='av-layout-grid-container av-66g9j5-eee85168a1b75ffb1cff7df743ff9078 entry-content-wrapper main_color av-flex-cells  avia-builder-el-6  el_after_av_layout_row  avia-builder-el-last  grid-row-not-first  container_wrap fullsize'  >\n\n<style type=\"text\/css\" data-created_by=\"avia_inline_auto\" id=\"style-css-av-3ol3hd-368de397b6d94c31fabaa23b01f58f35\">\n.flex_cell.av-3ol3hd-368de397b6d94c31fabaa23b01f58f35{\nvertical-align:middle;\nheight:500px;\nmin-height:500px;\nbackground-color:#22689e;\n}\n.responsive #top #wrap_all .flex_cell.av-3ol3hd-368de397b6d94c31fabaa23b01f58f35{\npadding:10px 0px 20px 60px !important;\n}\n<\/style>\n<div class='flex_cell av-3ol3hd-368de397b6d94c31fabaa23b01f58f35 av-gridrow-cell av_one_half no_margin  avia-builder-el-7  el_before_av_cell_one_half  avia-builder-el-first  content-align-middle avia-full-stretch'  ><div class='flex_cell_inner'><p>\n<style type=\"text\/css\" data-created_by=\"avia_inline_auto\" id=\"style-css-av-lg3ucb0k-cb7bd80c393dc55869db2f4569f3d105\">\n#top .av-special-heading.av-lg3ucb0k-cb7bd80c393dc55869db2f4569f3d105{\npadding-bottom:10px;\ncolor:#ffffff;\n}\nbody .av-special-heading.av-lg3ucb0k-cb7bd80c393dc55869db2f4569f3d105 .av-special-heading-tag .heading-char{\nfont-size:25px;\n}\n.av-special-heading.av-lg3ucb0k-cb7bd80c393dc55869db2f4569f3d105 .special-heading-inner-border{\nborder-color:#ffffff;\n}\n.av-special-heading.av-lg3ucb0k-cb7bd80c393dc55869db2f4569f3d105 .av-subheading{\nfont-size:15px;\n}\n<\/style>\n<div  class='av-special-heading av-lg3ucb0k-cb7bd80c393dc55869db2f4569f3d105 av-special-heading-h3 custom-color-heading blockquote modern-quote modern-centered  avia-builder-el-8  el_before_av_textblock  avia-builder-el-first '><h3 class='av-special-heading-tag '  itemprop=\"headline\"  >Wissenschaft<\/h3><div class=\"special-heading-border\"><div class=\"special-heading-inner-border\"><\/div><\/div><\/div><br \/>\n\n<style type=\"text\/css\" data-created_by=\"avia_inline_auto\" id=\"style-css-av-lg0ezkob-cb54df0b37463e0e7a9399a0db0fca07\">\n#top .av_textblock_section.av-lg0ezkob-cb54df0b37463e0e7a9399a0db0fca07 .avia_textblock{\ncolor:#ffffff;\n}\n<\/style>\n<section  class='av_textblock_section av-lg0ezkob-cb54df0b37463e0e7a9399a0db0fca07 '   itemscope=\"itemscope\" itemtype=\"https:\/\/schema.org\/CreativeWork\" ><div class='avia_textblock av_inherit_color'  itemprop=\"text\" ><p style=\"text-align: center;\">Ein Wissenschaftler ist kein Zauberer, sondern er ist Mitglied einer wissenschaftlichen Gemeinschaft, deren Mitglieder ihre Ansichten \u00fcber eine bestimmte Methodologie teilen.<\/p>\n<p style=\"text-align: center;\">Die Wissenschaftler lassen sich in ihrem Verhalten und in ihren Leistungen an den Anforderungen der akzeptieren Methodologie messen.<\/p>\n<p style=\"text-align: center;\">Die Grundlagen der Methodologie und ihre Begr\u00fcndung sind typische Themen der Erkenntnistheorie und der Wissenschaftstheorie, -soziologie und -psychologie.<\/p>\n<\/div><\/section><br \/>\n\n<style type=\"text\/css\" data-created_by=\"avia_inline_auto\" id=\"style-css-av-lg0f2mjs-529dcae57baa5a7d0dc6eb525ef4c26d\">\n.avia-buttonrow-wrap.av-lg0f2mjs-529dcae57baa5a7d0dc6eb525ef4c26d .avia-button{\npadding:10px 0 30px 0;\n}\n<\/style>\n<div  class='avia-buttonrow-wrap av-lg0f2mjs-529dcae57baa5a7d0dc6eb525ef4c26d avia-buttonrow-center  avia-builder-el-10  el_after_av_textblock  avia-builder-el-last '>\n\n<style type=\"text\/css\" data-created_by=\"avia_inline_auto\" id=\"style-css-av-lg0f2ekv-d1f08db7cb5833909e57242964d44c02\">\n#top #wrap_all .avia-button.av-lg0f2ekv-d1f08db7cb5833909e57242964d44c02{\npadding:10px 10px 10px 10px;\nmargin-bottom:15px;\nmargin-right:8px;\nmargin-left:8px;\n}\n<\/style>\n<a href=''  class='avia-button av-lg0f2ekv-d1f08db7cb5833909e57242964d44c02 avia-icon_select-yes-left-icon avia-size-small avia-color-theme-color'   aria-label=\"Pdf laden\"><span class='avia_button_icon avia_button_icon_left avia-iconfont avia-font-entypo-fontello' data-av_icon='\ue82d' data-av_iconfont='entypo-fontello' ><\/span><span class='avia_iconbox_title' >Pdf laden<\/span><\/a>\n\n<style type=\"text\/css\" data-created_by=\"avia_inline_auto\" id=\"style-css-av-lg0f2joj-28b5614212438c7ffb708381ac59f12c\">\n#top #wrap_all .avia-button.av-lg0f2joj-28b5614212438c7ffb708381ac59f12c{\npadding:10px 10px 10px 10px;\nmargin-bottom:15px;\nmargin-right:8px;\nmargin-left:8px;\n}\n<\/style>\n<a href=''  class='avia-button av-lg0f2joj-28b5614212438c7ffb708381ac59f12c avia-icon_select-yes-left-icon avia-size-small avia-color-theme-color'   aria-label=\"Lesen\"><span class='avia_button_icon avia_button_icon_left avia-iconfont avia-font-entypo-fontello' data-av_icon='\ue84e' data-av_iconfont='entypo-fontello' ><\/span><span class='avia_iconbox_title' >Lesen<\/span><\/a>\n<\/div><\/p>\n<\/div><\/div>\n<style type=\"text\/css\" data-created_by=\"avia_inline_auto\" id=\"style-css-av-lg0f0ork-c383ea276cc650b47bcebd4307f69622\">\n.flex_cell.av-lg0f0ork-c383ea276cc650b47bcebd4307f69622{\nvertical-align:middle;\nheight:500px;\nmin-height:500px;\nbackground:url(http:\/\/berlin-boehm.de\/wp-content\/uploads\/2023\/04\/ulu2-scaled.jpg) 100% 100% no-repeat scroll #22689e;\n}\n.responsive #top #wrap_all .flex_cell.av-lg0f0ork-c383ea276cc650b47bcebd4307f69622{\npadding:80px 80px 80px 80px !important;\n}\n<\/style>\n<div class='flex_cell av-lg0f0ork-c383ea276cc650b47bcebd4307f69622 av-gridrow-cell av_one_half no_margin  avia-builder-el-11  el_after_av_cell_one_half  avia-builder-el-last  content-align-middle avia-full-contain'  ><div class='flex_cell_inner'><\/div><\/div><\/div><\/p>\n","protected":false},"excerpt":{"rendered":"","protected":false},"author":1,"featured_media":0,"parent":0,"menu_order":0,"comment_status":"closed","ping_status":"closed","template":"","meta":{"_themeisle_gutenberg_block_has_review":false,"footnotes":""},"class_list":["post-3601","page","type-page","status-publish","hentry"],"yoast_head":"<!-- This site is optimized with the Yoast SEO plugin v27.3 - https:\/\/yoast.com\/product\/yoast-seo-wordpress\/ -->\n<title>Wissenschaft\/Statistik - Berliner Gelassenheit<\/title>\n<meta name=\"robots\" content=\"index, follow, max-snippet:-1, max-image-preview:large, max-video-preview:-1\" \/>\n<link rel=\"canonical\" href=\"http:\/\/berlin-boehm.de\/Kanty\/philosophie\" \/>\n<meta property=\"og:locale\" content=\"de_DE\" \/>\n<meta property=\"og:type\" content=\"article\" \/>\n<meta property=\"og:title\" content=\"Wissenschaft\/Statistik - Berliner Gelassenheit\" \/>\n<meta property=\"og:url\" content=\"http:\/\/berlin-boehm.de\/Kanty\/philosophie\" \/>\n<meta property=\"og:site_name\" content=\"Berliner Gelassenheit\" \/>\n<meta property=\"article:modified_time\" content=\"2023-04-06T14:37:42+00:00\" \/>\n<meta name=\"twitter:card\" content=\"summary_large_image\" \/>\n<meta name=\"twitter:label1\" content=\"Gesch\u00e4tzte Lesezeit\" \/>\n\t<meta name=\"twitter:data1\" content=\"5\u00a0Minuten\" \/>\n<script type=\"application\/ld+json\" class=\"yoast-schema-graph\">{\"@context\":\"https:\\\/\\\/schema.org\",\"@graph\":[{\"@type\":\"WebPage\",\"@id\":\"http:\\\/\\\/berlin-boehm.de\\\/Kanty\\\/philosophie\",\"url\":\"http:\\\/\\\/berlin-boehm.de\\\/Kanty\\\/philosophie\",\"name\":\"Wissenschaft\\\/Statistik - Berliner Gelassenheit\",\"isPartOf\":{\"@id\":\"http:\\\/\\\/berlin-boehm.de\\\/Kanty\\\/#website\"},\"datePublished\":\"2023-04-03T05:54:47+00:00\",\"dateModified\":\"2023-04-06T14:37:42+00:00\",\"breadcrumb\":{\"@id\":\"http:\\\/\\\/berlin-boehm.de\\\/Kanty\\\/philosophie#breadcrumb\"},\"inLanguage\":\"de\",\"potentialAction\":[{\"@type\":\"ReadAction\",\"target\":[\"http:\\\/\\\/berlin-boehm.de\\\/Kanty\\\/philosophie\"]}]},{\"@type\":\"BreadcrumbList\",\"@id\":\"http:\\\/\\\/berlin-boehm.de\\\/Kanty\\\/philosophie#breadcrumb\",\"itemListElement\":[{\"@type\":\"ListItem\",\"position\":1,\"name\":\"Startseite\",\"item\":\"http:\\\/\\\/berlin-boehm.de\\\/Kanty\\\/\"},{\"@type\":\"ListItem\",\"position\":2,\"name\":\"Wissenschaft\\\/Statistik\"}]},{\"@type\":\"WebSite\",\"@id\":\"http:\\\/\\\/berlin-boehm.de\\\/Kanty\\\/#website\",\"url\":\"http:\\\/\\\/berlin-boehm.de\\\/Kanty\\\/\",\"name\":\"Berliner Gelassenheit\",\"description\":\"Heiterkeit und Widerspr\u00fcche\",\"publisher\":{\"@id\":\"http:\\\/\\\/berlin-boehm.de\\\/Kanty\\\/#\\\/schema\\\/person\\\/e7bb56a842d02bb40f4663709bf5242d\"},\"potentialAction\":[{\"@type\":\"SearchAction\",\"target\":{\"@type\":\"EntryPoint\",\"urlTemplate\":\"http:\\\/\\\/berlin-boehm.de\\\/Kanty\\\/?s={search_term_string}\"},\"query-input\":{\"@type\":\"PropertyValueSpecification\",\"valueRequired\":true,\"valueName\":\"search_term_string\"}}],\"inLanguage\":\"de\"},{\"@type\":[\"Person\",\"Organization\"],\"@id\":\"http:\\\/\\\/berlin-boehm.de\\\/Kanty\\\/#\\\/schema\\\/person\\\/e7bb56a842d02bb40f4663709bf5242d\",\"name\":\"Bartholom\u00e4us B\u00f6hm\",\"logo\":{\"@id\":\"http:\\\/\\\/berlin-boehm.de\\\/Kanty\\\/#\\\/schema\\\/person\\\/image\\\/\"},\"description\":\"Prof. Dr. med. Dr. phil. Bartholom\u00e4us B\u00f6hm LL.M B.A. M.A B.Sc Chirurg, Philosoph, Jurist, Soziologe \u00d6konom, Kulturwissenschaftler\",\"sameAs\":[\"http:\\\/\\\/berlin-boehm.de\"]}]}<\/script>\n<!-- \/ Yoast SEO plugin. -->","yoast_head_json":{"title":"Wissenschaft\/Statistik - Berliner Gelassenheit","robots":{"index":"index","follow":"follow","max-snippet":"max-snippet:-1","max-image-preview":"max-image-preview:large","max-video-preview":"max-video-preview:-1"},"canonical":"http:\/\/berlin-boehm.de\/Kanty\/philosophie","og_locale":"de_DE","og_type":"article","og_title":"Wissenschaft\/Statistik - Berliner Gelassenheit","og_url":"http:\/\/berlin-boehm.de\/Kanty\/philosophie","og_site_name":"Berliner Gelassenheit","article_modified_time":"2023-04-06T14:37:42+00:00","twitter_card":"summary_large_image","twitter_misc":{"Gesch\u00e4tzte Lesezeit":"5\u00a0Minuten"},"schema":{"@context":"https:\/\/schema.org","@graph":[{"@type":"WebPage","@id":"http:\/\/berlin-boehm.de\/Kanty\/philosophie","url":"http:\/\/berlin-boehm.de\/Kanty\/philosophie","name":"Wissenschaft\/Statistik - Berliner Gelassenheit","isPartOf":{"@id":"http:\/\/berlin-boehm.de\/Kanty\/#website"},"datePublished":"2023-04-03T05:54:47+00:00","dateModified":"2023-04-06T14:37:42+00:00","breadcrumb":{"@id":"http:\/\/berlin-boehm.de\/Kanty\/philosophie#breadcrumb"},"inLanguage":"de","potentialAction":[{"@type":"ReadAction","target":["http:\/\/berlin-boehm.de\/Kanty\/philosophie"]}]},{"@type":"BreadcrumbList","@id":"http:\/\/berlin-boehm.de\/Kanty\/philosophie#breadcrumb","itemListElement":[{"@type":"ListItem","position":1,"name":"Startseite","item":"http:\/\/berlin-boehm.de\/Kanty\/"},{"@type":"ListItem","position":2,"name":"Wissenschaft\/Statistik"}]},{"@type":"WebSite","@id":"http:\/\/berlin-boehm.de\/Kanty\/#website","url":"http:\/\/berlin-boehm.de\/Kanty\/","name":"Berliner Gelassenheit","description":"Heiterkeit und Widerspr\u00fcche","publisher":{"@id":"http:\/\/berlin-boehm.de\/Kanty\/#\/schema\/person\/e7bb56a842d02bb40f4663709bf5242d"},"potentialAction":[{"@type":"SearchAction","target":{"@type":"EntryPoint","urlTemplate":"http:\/\/berlin-boehm.de\/Kanty\/?s={search_term_string}"},"query-input":{"@type":"PropertyValueSpecification","valueRequired":true,"valueName":"search_term_string"}}],"inLanguage":"de"},{"@type":["Person","Organization"],"@id":"http:\/\/berlin-boehm.de\/Kanty\/#\/schema\/person\/e7bb56a842d02bb40f4663709bf5242d","name":"Bartholom\u00e4us B\u00f6hm","logo":{"@id":"http:\/\/berlin-boehm.de\/Kanty\/#\/schema\/person\/image\/"},"description":"Prof. Dr. med. Dr. phil. Bartholom\u00e4us B\u00f6hm LL.M B.A. M.A B.Sc Chirurg, Philosoph, Jurist, Soziologe \u00d6konom, Kulturwissenschaftler","sameAs":["http:\/\/berlin-boehm.de"]}]}},"_links":{"self":[{"href":"http:\/\/berlin-boehm.de\/Kanty\/wp-json\/wp\/v2\/pages\/3601","targetHints":{"allow":["GET"]}}],"collection":[{"href":"http:\/\/berlin-boehm.de\/Kanty\/wp-json\/wp\/v2\/pages"}],"about":[{"href":"http:\/\/berlin-boehm.de\/Kanty\/wp-json\/wp\/v2\/types\/page"}],"author":[{"embeddable":true,"href":"http:\/\/berlin-boehm.de\/Kanty\/wp-json\/wp\/v2\/users\/1"}],"replies":[{"embeddable":true,"href":"http:\/\/berlin-boehm.de\/Kanty\/wp-json\/wp\/v2\/comments?post=3601"}],"version-history":[{"count":6,"href":"http:\/\/berlin-boehm.de\/Kanty\/wp-json\/wp\/v2\/pages\/3601\/revisions"}],"predecessor-version":[{"id":4593,"href":"http:\/\/berlin-boehm.de\/Kanty\/wp-json\/wp\/v2\/pages\/3601\/revisions\/4593"}],"wp:attachment":[{"href":"http:\/\/berlin-boehm.de\/Kanty\/wp-json\/wp\/v2\/media?parent=3601"}],"curies":[{"name":"wp","href":"https:\/\/api.w.org\/{rel}","templated":true}]}}