{"id":3574,"date":"2023-04-03T07:01:04","date_gmt":"2023-04-03T05:01:04","guid":{"rendered":"http:\/\/berlin-boehm.de\/Kanty\/?page_id=3574"},"modified":"2023-04-05T12:04:08","modified_gmt":"2023-04-05T10:04:08","slug":"recht","status":"publish","type":"page","link":"http:\/\/berlin-boehm.de\/Kanty\/recht","title":{"rendered":"Recht"},"content":{"rendered":"<div id='av-layout-grid-1'  class='av-layout-grid-container av-jhtf86-4b1ce65074d0de54fe5fb8fc43f39de4 entry-content-wrapper main_color av-flex-cells  avia-builder-el-0  el_before_av_layout_row  avia-builder-el-first   container_wrap fullsize'  >\n\n<style type=\"text\/css\" data-created_by=\"avia_inline_auto\" id=\"style-css-av-lg0d163o-75cf8bdb7eb711abc32b2671276427d4\">\n.flex_cell.av-lg0d163o-75cf8bdb7eb711abc32b2671276427d4{\nvertical-align:middle;\nheight:500px;\nmin-height:500px;\nbackground:url(http:\/\/berlin-boehm.de\/wp-content\/uploads\/2023\/04\/eis23-scaled.jpg) 0% 0% no-repeat scroll #22689e;\n}\n.responsive #top #wrap_all .flex_cell.av-lg0d163o-75cf8bdb7eb711abc32b2671276427d4{\npadding:0px 0px 0px 0px !important;\n}\n<\/style>\n<div class='flex_cell av-lg0d163o-75cf8bdb7eb711abc32b2671276427d4 av-gridrow-cell av_one_half no_margin  avia-builder-el-1  el_before_av_cell_one_half  avia-builder-el-first  content-align-middle av-zero-padding avia-full-contain'  ><div class='flex_cell_inner'><\/div><\/div>\n<style type=\"text\/css\" data-created_by=\"avia_inline_auto\" id=\"style-css-av-hhkwee-82169cba763504845d6ffd84ada1fb43\">\n.flex_cell.av-hhkwee-82169cba763504845d6ffd84ada1fb43{\nvertical-align:middle;\nheight:500px;\nmin-height:500px;\nbackground-color:#22689e;\n}\n.responsive #top #wrap_all .flex_cell.av-hhkwee-82169cba763504845d6ffd84ada1fb43{\npadding:80px 80px 80px 80px !important;\n}\n<\/style>\n<div class='flex_cell av-hhkwee-82169cba763504845d6ffd84ada1fb43 av-gridrow-cell av_one_half no_margin  avia-builder-el-2  el_after_av_cell_one_half  avia-builder-el-last  content-align-middle'  ><div class='flex_cell_inner'><p>\n<style type=\"text\/css\" data-created_by=\"avia_inline_auto\" id=\"style-css-av-lg0czrzh-767ded3f48e97f50f8b7989fdb58ab91\">\n#top .av-special-heading.av-lg0czrzh-767ded3f48e97f50f8b7989fdb58ab91{\npadding-bottom:25px;\ncolor:#ffffff;\nfont-size:34px;\n}\nbody .av-special-heading.av-lg0czrzh-767ded3f48e97f50f8b7989fdb58ab91 .av-special-heading-tag .heading-char{\nfont-size:25px;\n}\n#top #wrap_all .av-special-heading.av-lg0czrzh-767ded3f48e97f50f8b7989fdb58ab91 .av-special-heading-tag{\nfont-size:34px;\n}\n.av-special-heading.av-lg0czrzh-767ded3f48e97f50f8b7989fdb58ab91 .special-heading-inner-border{\nborder-color:#ffffff;\n}\n.av-special-heading.av-lg0czrzh-767ded3f48e97f50f8b7989fdb58ab91 .av-subheading{\nfont-size:15px;\n}\n\n@media only screen and (min-width: 480px) and (max-width: 767px){ \n#top #wrap_all .av-special-heading.av-lg0czrzh-767ded3f48e97f50f8b7989fdb58ab91 .av-special-heading-tag{\nfont-size:0.8em;\n}\n}\n\n@media only screen and (max-width: 479px){ \n#top #wrap_all .av-special-heading.av-lg0czrzh-767ded3f48e97f50f8b7989fdb58ab91 .av-special-heading-tag{\nfont-size:0.8em;\n}\n}\n<\/style>\n<div  class='av-special-heading av-lg0czrzh-767ded3f48e97f50f8b7989fdb58ab91 av-special-heading-h3 custom-color-heading blockquote modern-quote  avia-builder-el-3  el_before_av_textblock  avia-builder-el-first  av-inherit-size'><h3 class='av-special-heading-tag '  itemprop=\"headline\"  >Recht<\/h3><div class=\"special-heading-border\"><div class=\"special-heading-inner-border\"><\/div><\/div><\/div><br \/>\n\n<style type=\"text\/css\" data-created_by=\"avia_inline_auto\" id=\"style-css-av-lg0d0c65-c17a2d198d5db62d55c4476c31356b58\">\n#top .av_textblock_section.av-lg0d0c65-c17a2d198d5db62d55c4476c31356b58 .avia_textblock{\ncolor:#ffffff;\n}\n<\/style>\n<section  class='av_textblock_section av-lg0d0c65-c17a2d198d5db62d55c4476c31356b58 '   itemscope=\"itemscope\" itemtype=\"https:\/\/schema.org\/CreativeWork\" ><div class='avia_textblock av_inherit_color'  itemprop=\"text\" ><p>Im Strafrecht wird daf\u00fcr pl\u00e4diert, den &#8222;ber\u00fchmten&#8220; Paragraph \u00fcber die Gottesl\u00e4sterung bzw. die Bekenntnisbeschimpfung gem\u00e4\u00df \u00a7 166 I StGB ersatzlos abzuschaffen.<\/p>\n<\/div><\/section><\/p>\n<\/div><\/div>\n<\/div>\n<div id='av-layout-grid-2'  class='av-layout-grid-container av-fzevs6-00389a341af09cdf9644f395096dd8a5 entry-content-wrapper main_color av-flex-cells  avia-builder-el-5  el_after_av_layout_row  el_before_av_one_full  grid-row-not-first  container_wrap fullsize'  >\n\n<style type=\"text\/css\" data-created_by=\"avia_inline_auto\" id=\"style-css-av-dxtpeu-938ed12799c9f9d1fda0f30680969918\">\n.flex_cell.av-dxtpeu-938ed12799c9f9d1fda0f30680969918{\nvertical-align:middle;\nheight:500px;\nmin-height:500px;\nbackground-color:#22689e;\n}\n.responsive #top #wrap_all .flex_cell.av-dxtpeu-938ed12799c9f9d1fda0f30680969918{\npadding:10px 0px 20px 60px !important;\n}\n<\/style>\n<div class='flex_cell av-dxtpeu-938ed12799c9f9d1fda0f30680969918 av-gridrow-cell av_one_half no_margin  avia-builder-el-6  el_before_av_cell_one_half  avia-builder-el-first  content-align-middle avia-full-stretch'  ><div class='flex_cell_inner'>\n<style type=\"text\/css\" data-created_by=\"avia_inline_auto\" id=\"style-css-av-bwn3qe-2de47cda61ad0318cdad49ecf37974df\">\n#top .av_textblock_section.av-bwn3qe-2de47cda61ad0318cdad49ecf37974df .avia_textblock{\ncolor:#ffffff;\n}\n<\/style>\n<section  class='av_textblock_section av-bwn3qe-2de47cda61ad0318cdad49ecf37974df '   itemscope=\"itemscope\" itemtype=\"https:\/\/schema.org\/CreativeWork\" ><div class='avia_textblock av_inherit_color'  itemprop=\"text\" ><h5>Die Mitbestimmung des Betriebsrates bei der Bestimmung der Arbeitszeit gem\u00e4\u00df \u00a7 87 I Nr. 2 BetrVG<\/h5>\n<\/div><\/section><br \/>\n\n<style type=\"text\/css\" data-created_by=\"avia_inline_auto\" id=\"style-css-av-lg0d5k5o-a420069ab20cb6d24dfd059ac10be381\">\n.avia-buttonrow-wrap.av-lg0d5k5o-a420069ab20cb6d24dfd059ac10be381 .avia-button{\npadding:10px 0 30px 0;\n}\n<\/style>\n<div  class='avia-buttonrow-wrap av-lg0d5k5o-a420069ab20cb6d24dfd059ac10be381 avia-buttonrow-center  avia-builder-el-8  el_after_av_textblock  el_before_av_textblock '>\n\n<style type=\"text\/css\" data-created_by=\"avia_inline_auto\" id=\"style-css-av-b14mom-01f4fa3463ff6c397349e33cccf60ed9\">\n#top #wrap_all .avia-button.av-b14mom-01f4fa3463ff6c397349e33cccf60ed9{\npadding:10px 10px 10px 10px;\nmargin-bottom:15px;\nmargin-right:8px;\nmargin-left:8px;\n}\n<\/style>\n<a href='http:\/\/berlin-boehm.de\/Kanty\/archive\/4257'  class='avia-button av-b14mom-01f4fa3463ff6c397349e33cccf60ed9 avia-icon_select-yes-left-icon avia-size-small avia-color-theme-color'   aria-label=\"Pdf lesen\"><span class='avia_button_icon avia_button_icon_left avia-iconfont avia-font-entypo-fontello' data-av_icon='\ue82d' data-av_iconfont='entypo-fontello' ><\/span><span class='avia_iconbox_title' >Pdf lesen<\/span><\/a>\n\n<style type=\"text\/css\" data-created_by=\"avia_inline_auto\" id=\"style-css-av-lg0d5id1-b0291b35a51c4078e21ac81950e955a1\">\n#top #wrap_all .avia-button.av-lg0d5id1-b0291b35a51c4078e21ac81950e955a1{\npadding:10px 10px 10px 10px;\nmargin-bottom:15px;\nmargin-right:8px;\nmargin-left:8px;\n}\n<\/style>\n<a href='http:\/\/berlin-boehm.de\/Kanty\/archive\/3524'  class='avia-button av-lg0d5id1-b0291b35a51c4078e21ac81950e955a1 avia-icon_select-yes-left-icon avia-size-small avia-color-theme-color'   aria-label=\"Lesen\"><span class='avia_button_icon avia_button_icon_left avia-iconfont avia-font-entypo-fontello' data-av_icon='\ue84e' data-av_iconfont='entypo-fontello' ><\/span><span class='avia_iconbox_title' >Lesen<\/span><\/a>\n<\/div><br \/>\n\n<style type=\"text\/css\" data-created_by=\"avia_inline_auto\" id=\"style-css-av-8q6ayu-beb21f96a7bafb7f6bcb54c038e980fb\">\n#top .av_textblock_section.av-8q6ayu-beb21f96a7bafb7f6bcb54c038e980fb .avia_textblock{\ncolor:#ffffff;\n}\n<\/style>\n<section  class='av_textblock_section av-8q6ayu-beb21f96a7bafb7f6bcb54c038e980fb '   itemscope=\"itemscope\" itemtype=\"https:\/\/schema.org\/CreativeWork\" ><div class='avia_textblock av_inherit_color'  itemprop=\"text\" ><h5>Die Begr\u00fcndungsprobleme der Strafbarkeit der Bekenntnisbeschimpfung gem\u00e4\u00df \u00a7 166 I StGB<\/h5>\n<\/div><\/section><br \/>\n\n<style type=\"text\/css\" data-created_by=\"avia_inline_auto\" id=\"style-css-av-7ugrae-aec2295bc3346ba7df0e4fef14642eba\">\n.avia-buttonrow-wrap.av-7ugrae-aec2295bc3346ba7df0e4fef14642eba .avia-button{\npadding:10px 0 30px 0;\n}\n<\/style>\n<div  class='avia-buttonrow-wrap av-7ugrae-aec2295bc3346ba7df0e4fef14642eba avia-buttonrow-center  avia-builder-el-10  el_after_av_textblock  avia-builder-el-last '>\n\n<style type=\"text\/css\" data-created_by=\"avia_inline_auto\" id=\"style-css-av-60ynba-d1d580f8d8c30ce770bdd03cc1f6a052\">\n#top #wrap_all .avia-button.av-60ynba-d1d580f8d8c30ce770bdd03cc1f6a052{\npadding:10px 10px 10px 10px;\nmargin-bottom:15px;\nmargin-right:8px;\nmargin-left:8px;\n}\n<\/style>\n<a href='http:\/\/berlin-boehm.de\/Kanty\/archive\/4270'  class='avia-button av-60ynba-d1d580f8d8c30ce770bdd03cc1f6a052 avia-icon_select-yes-left-icon avia-size-small avia-color-theme-color'   aria-label=\"Pdf lesen\"><span class='avia_button_icon avia_button_icon_left avia-iconfont avia-font-entypo-fontello' data-av_icon='\ue82d' data-av_iconfont='entypo-fontello' ><\/span><span class='avia_iconbox_title' >Pdf lesen<\/span><\/a>\n\n<style type=\"text\/css\" data-created_by=\"avia_inline_auto\" id=\"style-css-av-3we37a-baf07026a794dd77ee0eb869af04e230\">\n#top #wrap_all .avia-button.av-3we37a-baf07026a794dd77ee0eb869af04e230{\npadding:10px 10px 10px 10px;\nmargin-bottom:15px;\nmargin-right:8px;\nmargin-left:8px;\n}\n<\/style>\n<a href='http:\/\/berlin-boehm.de\/Kanty\/archive\/3528'  class='avia-button av-3we37a-baf07026a794dd77ee0eb869af04e230 avia-icon_select-yes-left-icon avia-size-small avia-color-theme-color'   aria-label=\"Lesen\"><span class='avia_button_icon avia_button_icon_left avia-iconfont avia-font-entypo-fontello' data-av_icon='\ue84e' data-av_iconfont='entypo-fontello' ><\/span><span class='avia_iconbox_title' >Lesen<\/span><\/a>\n<\/div><\/p>\n<\/div><\/div>\n<style type=\"text\/css\" data-created_by=\"avia_inline_auto\" id=\"style-css-av-lg0d2k50-1326e9c93ab3d89a7f380738dd43bbe0\">\n.flex_cell.av-lg0d2k50-1326e9c93ab3d89a7f380738dd43bbe0{\nvertical-align:middle;\nheight:500px;\nmin-height:500px;\nbackground:url(http:\/\/berlin-boehm.de\/wp-content\/uploads\/2023\/04\/Kanada_2006_0039-scaled.jpg) 100% 100% no-repeat scroll #22689e;\n}\n.responsive #top #wrap_all .flex_cell.av-lg0d2k50-1326e9c93ab3d89a7f380738dd43bbe0{\npadding:80px 80px 80px 80px !important;\n}\n<\/style>\n<div class='flex_cell av-lg0d2k50-1326e9c93ab3d89a7f380738dd43bbe0 av-gridrow-cell av_one_half no_margin  avia-builder-el-11  el_after_av_cell_one_half  avia-builder-el-last  content-align-middle avia-full-stretch'  ><div class='flex_cell_inner'><\/div><\/div><\/div><div id='after_grid_row_2'  class='main_color av_default_container_wrap container_wrap fullsize'  ><div class='container av-section-cont-open' ><div class='template-page content  av-content-full alpha units'><div class='post-entry post-entry-type-page post-entry-3574'><div class='entry-content-wrapper clearfix'><div  class='flex_column av-31s6zq-260a0d84cc925ef1766ae741f18221d0 av_one_full  avia-builder-el-12  el_after_av_layout_row  avia-builder-el-no-sibling  first flex_column_div  '     ><\/div><\/p>\n","protected":false},"excerpt":{"rendered":"","protected":false},"author":1,"featured_media":0,"parent":0,"menu_order":0,"comment_status":"closed","ping_status":"closed","template":"","meta":{"_themeisle_gutenberg_block_has_review":false,"footnotes":""},"class_list":["post-3574","page","type-page","status-publish","hentry"],"yoast_head":"<!-- This site is optimized with the Yoast SEO plugin v27.3 - https:\/\/yoast.com\/product\/yoast-seo-wordpress\/ -->\n<title>Recht - Berliner Gelassenheit<\/title>\n<meta name=\"robots\" content=\"index, follow, max-snippet:-1, max-image-preview:large, max-video-preview:-1\" \/>\n<link rel=\"canonical\" href=\"http:\/\/berlin-boehm.de\/Kanty\/recht\" \/>\n<meta property=\"og:locale\" content=\"de_DE\" \/>\n<meta property=\"og:type\" content=\"article\" \/>\n<meta property=\"og:title\" content=\"Recht - Berliner Gelassenheit\" \/>\n<meta property=\"og:url\" content=\"http:\/\/berlin-boehm.de\/Kanty\/recht\" \/>\n<meta property=\"og:site_name\" content=\"Berliner Gelassenheit\" \/>\n<meta property=\"article:modified_time\" content=\"2023-04-05T10:04:08+00:00\" \/>\n<meta name=\"twitter:card\" content=\"summary_large_image\" \/>\n<meta name=\"twitter:label1\" content=\"Gesch\u00e4tzte Lesezeit\" \/>\n\t<meta name=\"twitter:data1\" content=\"4\u00a0Minuten\" \/>\n<script type=\"application\/ld+json\" class=\"yoast-schema-graph\">{\"@context\":\"https:\\\/\\\/schema.org\",\"@graph\":[{\"@type\":\"WebPage\",\"@id\":\"http:\\\/\\\/berlin-boehm.de\\\/Kanty\\\/recht\",\"url\":\"http:\\\/\\\/berlin-boehm.de\\\/Kanty\\\/recht\",\"name\":\"Recht - Berliner Gelassenheit\",\"isPartOf\":{\"@id\":\"http:\\\/\\\/berlin-boehm.de\\\/Kanty\\\/#website\"},\"datePublished\":\"2023-04-03T05:01:04+00:00\",\"dateModified\":\"2023-04-05T10:04:08+00:00\",\"breadcrumb\":{\"@id\":\"http:\\\/\\\/berlin-boehm.de\\\/Kanty\\\/recht#breadcrumb\"},\"inLanguage\":\"de\",\"potentialAction\":[{\"@type\":\"ReadAction\",\"target\":[\"http:\\\/\\\/berlin-boehm.de\\\/Kanty\\\/recht\"]}]},{\"@type\":\"BreadcrumbList\",\"@id\":\"http:\\\/\\\/berlin-boehm.de\\\/Kanty\\\/recht#breadcrumb\",\"itemListElement\":[{\"@type\":\"ListItem\",\"position\":1,\"name\":\"Startseite\",\"item\":\"http:\\\/\\\/berlin-boehm.de\\\/Kanty\\\/\"},{\"@type\":\"ListItem\",\"position\":2,\"name\":\"Recht\"}]},{\"@type\":\"WebSite\",\"@id\":\"http:\\\/\\\/berlin-boehm.de\\\/Kanty\\\/#website\",\"url\":\"http:\\\/\\\/berlin-boehm.de\\\/Kanty\\\/\",\"name\":\"Berliner Gelassenheit\",\"description\":\"Heiterkeit und Widerspr\u00fcche\",\"publisher\":{\"@id\":\"http:\\\/\\\/berlin-boehm.de\\\/Kanty\\\/#\\\/schema\\\/person\\\/e7bb56a842d02bb40f4663709bf5242d\"},\"potentialAction\":[{\"@type\":\"SearchAction\",\"target\":{\"@type\":\"EntryPoint\",\"urlTemplate\":\"http:\\\/\\\/berlin-boehm.de\\\/Kanty\\\/?s={search_term_string}\"},\"query-input\":{\"@type\":\"PropertyValueSpecification\",\"valueRequired\":true,\"valueName\":\"search_term_string\"}}],\"inLanguage\":\"de\"},{\"@type\":[\"Person\",\"Organization\"],\"@id\":\"http:\\\/\\\/berlin-boehm.de\\\/Kanty\\\/#\\\/schema\\\/person\\\/e7bb56a842d02bb40f4663709bf5242d\",\"name\":\"Bartholom\u00e4us B\u00f6hm\",\"logo\":{\"@id\":\"http:\\\/\\\/berlin-boehm.de\\\/Kanty\\\/#\\\/schema\\\/person\\\/image\\\/\"},\"description\":\"Prof. Dr. med. Dr. phil. Bartholom\u00e4us B\u00f6hm LL.M B.A. M.A B.Sc Chirurg, Philosoph, Jurist, Soziologe \u00d6konom, Kulturwissenschaftler\",\"sameAs\":[\"http:\\\/\\\/berlin-boehm.de\"]}]}<\/script>\n<!-- \/ Yoast SEO plugin. -->","yoast_head_json":{"title":"Recht - Berliner Gelassenheit","robots":{"index":"index","follow":"follow","max-snippet":"max-snippet:-1","max-image-preview":"max-image-preview:large","max-video-preview":"max-video-preview:-1"},"canonical":"http:\/\/berlin-boehm.de\/Kanty\/recht","og_locale":"de_DE","og_type":"article","og_title":"Recht - Berliner Gelassenheit","og_url":"http:\/\/berlin-boehm.de\/Kanty\/recht","og_site_name":"Berliner Gelassenheit","article_modified_time":"2023-04-05T10:04:08+00:00","twitter_card":"summary_large_image","twitter_misc":{"Gesch\u00e4tzte Lesezeit":"4\u00a0Minuten"},"schema":{"@context":"https:\/\/schema.org","@graph":[{"@type":"WebPage","@id":"http:\/\/berlin-boehm.de\/Kanty\/recht","url":"http:\/\/berlin-boehm.de\/Kanty\/recht","name":"Recht - Berliner Gelassenheit","isPartOf":{"@id":"http:\/\/berlin-boehm.de\/Kanty\/#website"},"datePublished":"2023-04-03T05:01:04+00:00","dateModified":"2023-04-05T10:04:08+00:00","breadcrumb":{"@id":"http:\/\/berlin-boehm.de\/Kanty\/recht#breadcrumb"},"inLanguage":"de","potentialAction":[{"@type":"ReadAction","target":["http:\/\/berlin-boehm.de\/Kanty\/recht"]}]},{"@type":"BreadcrumbList","@id":"http:\/\/berlin-boehm.de\/Kanty\/recht#breadcrumb","itemListElement":[{"@type":"ListItem","position":1,"name":"Startseite","item":"http:\/\/berlin-boehm.de\/Kanty\/"},{"@type":"ListItem","position":2,"name":"Recht"}]},{"@type":"WebSite","@id":"http:\/\/berlin-boehm.de\/Kanty\/#website","url":"http:\/\/berlin-boehm.de\/Kanty\/","name":"Berliner Gelassenheit","description":"Heiterkeit und Widerspr\u00fcche","publisher":{"@id":"http:\/\/berlin-boehm.de\/Kanty\/#\/schema\/person\/e7bb56a842d02bb40f4663709bf5242d"},"potentialAction":[{"@type":"SearchAction","target":{"@type":"EntryPoint","urlTemplate":"http:\/\/berlin-boehm.de\/Kanty\/?s={search_term_string}"},"query-input":{"@type":"PropertyValueSpecification","valueRequired":true,"valueName":"search_term_string"}}],"inLanguage":"de"},{"@type":["Person","Organization"],"@id":"http:\/\/berlin-boehm.de\/Kanty\/#\/schema\/person\/e7bb56a842d02bb40f4663709bf5242d","name":"Bartholom\u00e4us B\u00f6hm","logo":{"@id":"http:\/\/berlin-boehm.de\/Kanty\/#\/schema\/person\/image\/"},"description":"Prof. Dr. med. Dr. phil. Bartholom\u00e4us B\u00f6hm LL.M B.A. M.A B.Sc Chirurg, Philosoph, Jurist, Soziologe \u00d6konom, Kulturwissenschaftler","sameAs":["http:\/\/berlin-boehm.de"]}]}},"_links":{"self":[{"href":"http:\/\/berlin-boehm.de\/Kanty\/wp-json\/wp\/v2\/pages\/3574","targetHints":{"allow":["GET"]}}],"collection":[{"href":"http:\/\/berlin-boehm.de\/Kanty\/wp-json\/wp\/v2\/pages"}],"about":[{"href":"http:\/\/berlin-boehm.de\/Kanty\/wp-json\/wp\/v2\/types\/page"}],"author":[{"embeddable":true,"href":"http:\/\/berlin-boehm.de\/Kanty\/wp-json\/wp\/v2\/users\/1"}],"replies":[{"embeddable":true,"href":"http:\/\/berlin-boehm.de\/Kanty\/wp-json\/wp\/v2\/comments?post=3574"}],"version-history":[{"count":6,"href":"http:\/\/berlin-boehm.de\/Kanty\/wp-json\/wp\/v2\/pages\/3574\/revisions"}],"predecessor-version":[{"id":4273,"href":"http:\/\/berlin-boehm.de\/Kanty\/wp-json\/wp\/v2\/pages\/3574\/revisions\/4273"}],"wp:attachment":[{"href":"http:\/\/berlin-boehm.de\/Kanty\/wp-json\/wp\/v2\/media?parent=3574"}],"curies":[{"name":"wp","href":"https:\/\/api.w.org\/{rel}","templated":true}]}}