{"id":3536,"date":"2023-04-02T19:34:04","date_gmt":"2023-04-02T17:34:04","guid":{"rendered":"http:\/\/berlin-boehm.de\/Kanty\/?page_id=3536"},"modified":"2026-02-24T17:33:15","modified_gmt":"2026-02-24T16:33:15","slug":"psychologie","status":"publish","type":"page","link":"http:\/\/berlin-boehm.de\/Kanty\/psychologie","title":{"rendered":"Psychologie"},"content":{"rendered":"<div id='av-layout-grid-1'  class='av-layout-grid-container av-8klops-17991ccbbe5296607f79866576e0654d entry-content-wrapper main_color av-flex-cells  avia-builder-el-0  el_before_av_layout_row  avia-builder-el-first   container_wrap fullsize'  >\n\n<style type=\"text\/css\" data-created_by=\"avia_inline_auto\" id=\"style-css-av-lfzok3sx-c9afe91367b234aa2ee89ae8342f9d5a\">\n.flex_cell.av-lfzok3sx-c9afe91367b234aa2ee89ae8342f9d5a{\nvertical-align:middle;\nheight:500px;\nmin-height:500px;\nbackground:url(http:\/\/berlin-boehm.de\/wp-content\/uploads\/2023\/04\/Masken-scaled.jpg) 0% 0% no-repeat scroll #22689e;\n}\n.responsive #top #wrap_all .flex_cell.av-lfzok3sx-c9afe91367b234aa2ee89ae8342f9d5a{\npadding:0px 0px 0px 0px !important;\n}\n<\/style>\n<div class='flex_cell av-lfzok3sx-c9afe91367b234aa2ee89ae8342f9d5a av-gridrow-cell av_one_half no_margin  avia-builder-el-1  el_before_av_cell_one_half  avia-builder-el-first  content-align-middle av-zero-padding avia-full-contain'  ><div class='flex_cell_inner'><\/div><\/div>\n<style type=\"text\/css\" data-created_by=\"avia_inline_auto\" id=\"style-css-av-7m7h3k-ffc393630bb0a3e65ab9935b43ed3bbf\">\n.flex_cell.av-7m7h3k-ffc393630bb0a3e65ab9935b43ed3bbf{\nvertical-align:middle;\nheight:500px;\nmin-height:500px;\nbackground-color:#22689e;\n}\n.responsive #top #wrap_all .flex_cell.av-7m7h3k-ffc393630bb0a3e65ab9935b43ed3bbf{\npadding:80px 80px 80px 80px !important;\n}\n<\/style>\n<div class='flex_cell av-7m7h3k-ffc393630bb0a3e65ab9935b43ed3bbf av-gridrow-cell av_one_half no_margin  avia-builder-el-2  el_after_av_cell_one_half  avia-builder-el-last  content-align-middle'  ><div class='flex_cell_inner'><p>\n<style type=\"text\/css\" data-created_by=\"avia_inline_auto\" id=\"style-css-av-lfzoj2pv-b8ef80675272c260617eebcf6fdebde1\">\n#top .av-special-heading.av-lfzoj2pv-b8ef80675272c260617eebcf6fdebde1{\npadding-bottom:25px;\ncolor:#ffffff;\nfont-size:34px;\n}\nbody .av-special-heading.av-lfzoj2pv-b8ef80675272c260617eebcf6fdebde1 .av-special-heading-tag .heading-char{\nfont-size:25px;\n}\n#top #wrap_all .av-special-heading.av-lfzoj2pv-b8ef80675272c260617eebcf6fdebde1 .av-special-heading-tag{\nfont-size:34px;\n}\n.av-special-heading.av-lfzoj2pv-b8ef80675272c260617eebcf6fdebde1 .special-heading-inner-border{\nborder-color:#ffffff;\n}\n.av-special-heading.av-lfzoj2pv-b8ef80675272c260617eebcf6fdebde1 .av-subheading{\nfont-size:15px;\n}\n\n@media only screen and (min-width: 480px) and (max-width: 767px){ \n#top #wrap_all .av-special-heading.av-lfzoj2pv-b8ef80675272c260617eebcf6fdebde1 .av-special-heading-tag{\nfont-size:0.8em;\n}\n}\n\n@media only screen and (max-width: 479px){ \n#top #wrap_all .av-special-heading.av-lfzoj2pv-b8ef80675272c260617eebcf6fdebde1 .av-special-heading-tag{\nfont-size:0.8em;\n}\n}\n<\/style>\n<div  class='av-special-heading av-lfzoj2pv-b8ef80675272c260617eebcf6fdebde1 av-special-heading-h3 custom-color-heading blockquote modern-quote  avia-builder-el-3  el_before_av_textblock  avia-builder-el-first  av-inherit-size'><h3 class='av-special-heading-tag '  itemprop=\"headline\"  >Psychologie<\/h3><div class=\"special-heading-border\"><div class=\"special-heading-inner-border\"><\/div><\/div><\/div><br \/>\n\n<style type=\"text\/css\" data-created_by=\"avia_inline_auto\" id=\"style-css-av-lfzojgrj-7543976586626b83d34b58d4b1c091dc\">\n#top .av_textblock_section.av-lfzojgrj-7543976586626b83d34b58d4b1c091dc .avia_textblock{\ncolor:#ffffff;\n}\n<\/style>\n<section  class='av_textblock_section av-lfzojgrj-7543976586626b83d34b58d4b1c091dc '   itemscope=\"itemscope\" itemtype=\"https:\/\/schema.org\/CreativeWork\" ><div class='avia_textblock av_inherit_color'  itemprop=\"text\" ><p>Masterstudium sehr erfolgreich abgeschlossen.<\/p>\n<p>\u00dcberraschend viele interessante psychologische Zusammenh\u00e4nge sind weitgehend ungekl\u00e4rt.<\/p>\n<p>Im Gegensatz zu einigen anderen akademischen Fachgebieten wird sehr viel Wert auf eine theoretische Grundlegung und Modellbildung mit konsekutiver empirischer \u00dcberpr\u00fcfung gelegt. Dieses Vorgehen stellt hohe Anforderungen an die Methodologie und sorgt f\u00fcr eine gute Reproduzierbarkeit und faire Interpretation der Ergebnisse.<\/p>\n<\/div><\/section><\/p>\n<\/div><\/div><\/div><div id='av-layout-grid-2'  class='av-layout-grid-container av-5lhdk0-601f8facf85bd9b1dfe40e4442490ed2 entry-content-wrapper main_color av-flex-cells  avia-builder-el-5  el_after_av_layout_row  el_before_av_one_full  grid-row-not-first  container_wrap fullsize'  >\n\n<style type=\"text\/css\" data-created_by=\"avia_inline_auto\" id=\"style-css-av-48mjnk-469bac1ea5e7355933e958a746841ea2\">\n.flex_cell.av-48mjnk-469bac1ea5e7355933e958a746841ea2{\nvertical-align:middle;\nheight:500px;\nmin-height:500px;\nbackground-color:#22689e;\n}\n.responsive #top #wrap_all .flex_cell.av-48mjnk-469bac1ea5e7355933e958a746841ea2{\npadding:10px 0px 20px 60px !important;\n}\n<\/style>\n<div class='flex_cell av-48mjnk-469bac1ea5e7355933e958a746841ea2 av-gridrow-cell av_one_half no_margin  avia-builder-el-6  el_before_av_cell_one_half  avia-builder-el-first  content-align-middle avia-full-stretch'  ><div class='flex_cell_inner'><\/div><\/div>\n<style type=\"text\/css\" data-created_by=\"avia_inline_auto\" id=\"style-css-av-lfzol5hu-5b6dd716b57d2304e2a0d0b6fd0e6bc4\">\n.flex_cell.av-lfzol5hu-5b6dd716b57d2304e2a0d0b6fd0e6bc4{\nvertical-align:middle;\nheight:500px;\nmin-height:500px;\nbackground:url(http:\/\/berlin-boehm.de\/wp-content\/uploads\/2023\/04\/eis19-scaled.jpg) 100% 100% no-repeat scroll #22689e;\n}\n.responsive #top #wrap_all .flex_cell.av-lfzol5hu-5b6dd716b57d2304e2a0d0b6fd0e6bc4{\npadding:80px 80px 80px 80px !important;\n}\n<\/style>\n<div class='flex_cell av-lfzol5hu-5b6dd716b57d2304e2a0d0b6fd0e6bc4 av-gridrow-cell av_one_half no_margin  avia-builder-el-7  el_after_av_cell_one_half  avia-builder-el-last  content-align-middle avia-full-contain'  ><div class='flex_cell_inner'><\/div><\/div><\/div><div id='after_grid_row_2'  class='main_color av_default_container_wrap container_wrap fullsize'  ><div class='container av-section-cont-open' ><div class='template-page content  av-content-full alpha units'><div class='post-entry post-entry-type-page post-entry-3536'><div class='entry-content-wrapper clearfix'><div  class='flex_column av-2l49qo-2e00d12615f67c25697b980b50abfe75 av_one_full  avia-builder-el-8  el_after_av_layout_row  avia-builder-el-no-sibling  first flex_column_div  '     ><\/div><\/p>\n","protected":false},"excerpt":{"rendered":"","protected":false},"author":1,"featured_media":0,"parent":0,"menu_order":0,"comment_status":"closed","ping_status":"closed","template":"","meta":{"_themeisle_gutenberg_block_has_review":false,"footnotes":""},"class_list":["post-3536","page","type-page","status-publish","hentry"],"yoast_head":"<!-- This site is optimized with the Yoast SEO plugin v27.5 - https:\/\/yoast.com\/product\/yoast-seo-wordpress\/ -->\n<title>Psychologie - Berliner Gelassenheit<\/title>\n<meta name=\"robots\" content=\"index, follow, max-snippet:-1, max-image-preview:large, max-video-preview:-1\" \/>\n<link rel=\"canonical\" href=\"http:\/\/berlin-boehm.de\/Kanty\/psychologie\" \/>\n<meta property=\"og:locale\" content=\"de_DE\" \/>\n<meta property=\"og:type\" content=\"article\" \/>\n<meta property=\"og:title\" content=\"Psychologie - Berliner Gelassenheit\" \/>\n<meta property=\"og:url\" content=\"http:\/\/berlin-boehm.de\/Kanty\/psychologie\" \/>\n<meta property=\"og:site_name\" content=\"Berliner Gelassenheit\" \/>\n<meta property=\"article:modified_time\" content=\"2026-02-24T16:33:15+00:00\" \/>\n<meta name=\"twitter:card\" content=\"summary_large_image\" \/>\n<meta name=\"twitter:label1\" content=\"Gesch\u00e4tzte Lesezeit\" \/>\n\t<meta name=\"twitter:data1\" content=\"1\u00a0Minute\" \/>\n<script type=\"application\/ld+json\" class=\"yoast-schema-graph\">{\"@context\":\"https:\\\/\\\/schema.org\",\"@graph\":[{\"@type\":\"WebPage\",\"@id\":\"http:\\\/\\\/berlin-boehm.de\\\/Kanty\\\/psychologie\",\"url\":\"http:\\\/\\\/berlin-boehm.de\\\/Kanty\\\/psychologie\",\"name\":\"Psychologie - Berliner Gelassenheit\",\"isPartOf\":{\"@id\":\"http:\\\/\\\/berlin-boehm.de\\\/Kanty\\\/#website\"},\"datePublished\":\"2023-04-02T17:34:04+00:00\",\"dateModified\":\"2026-02-24T16:33:15+00:00\",\"breadcrumb\":{\"@id\":\"http:\\\/\\\/berlin-boehm.de\\\/Kanty\\\/psychologie#breadcrumb\"},\"inLanguage\":\"de\",\"potentialAction\":[{\"@type\":\"ReadAction\",\"target\":[\"http:\\\/\\\/berlin-boehm.de\\\/Kanty\\\/psychologie\"]}]},{\"@type\":\"BreadcrumbList\",\"@id\":\"http:\\\/\\\/berlin-boehm.de\\\/Kanty\\\/psychologie#breadcrumb\",\"itemListElement\":[{\"@type\":\"ListItem\",\"position\":1,\"name\":\"Startseite\",\"item\":\"http:\\\/\\\/berlin-boehm.de\\\/Kanty\\\/\"},{\"@type\":\"ListItem\",\"position\":2,\"name\":\"Psychologie\"}]},{\"@type\":\"WebSite\",\"@id\":\"http:\\\/\\\/berlin-boehm.de\\\/Kanty\\\/#website\",\"url\":\"http:\\\/\\\/berlin-boehm.de\\\/Kanty\\\/\",\"name\":\"Berliner Gelassenheit\",\"description\":\"Heiterkeit und Widerspr\u00fcche\",\"publisher\":{\"@id\":\"http:\\\/\\\/berlin-boehm.de\\\/Kanty\\\/#\\\/schema\\\/person\\\/e7bb56a842d02bb40f4663709bf5242d\"},\"potentialAction\":[{\"@type\":\"SearchAction\",\"target\":{\"@type\":\"EntryPoint\",\"urlTemplate\":\"http:\\\/\\\/berlin-boehm.de\\\/Kanty\\\/?s={search_term_string}\"},\"query-input\":{\"@type\":\"PropertyValueSpecification\",\"valueRequired\":true,\"valueName\":\"search_term_string\"}}],\"inLanguage\":\"de\"},{\"@type\":[\"Person\",\"Organization\"],\"@id\":\"http:\\\/\\\/berlin-boehm.de\\\/Kanty\\\/#\\\/schema\\\/person\\\/e7bb56a842d02bb40f4663709bf5242d\",\"name\":\"Bartholom\u00e4us B\u00f6hm\",\"logo\":{\"@id\":\"http:\\\/\\\/berlin-boehm.de\\\/Kanty\\\/#\\\/schema\\\/person\\\/image\\\/\"},\"description\":\"Prof. Dr. med. Dr. phil. Bartholom\u00e4us B\u00f6hm LL.M B.A. M.A B.Sc Chirurg, Philosoph, Jurist, Soziologe \u00d6konom, Kulturwissenschaftler\",\"sameAs\":[\"http:\\\/\\\/berlin-boehm.de\"]}]}<\/script>\n<!-- \/ Yoast SEO plugin. -->","yoast_head_json":{"title":"Psychologie - Berliner Gelassenheit","robots":{"index":"index","follow":"follow","max-snippet":"max-snippet:-1","max-image-preview":"max-image-preview:large","max-video-preview":"max-video-preview:-1"},"canonical":"http:\/\/berlin-boehm.de\/Kanty\/psychologie","og_locale":"de_DE","og_type":"article","og_title":"Psychologie - Berliner Gelassenheit","og_url":"http:\/\/berlin-boehm.de\/Kanty\/psychologie","og_site_name":"Berliner Gelassenheit","article_modified_time":"2026-02-24T16:33:15+00:00","twitter_card":"summary_large_image","twitter_misc":{"Gesch\u00e4tzte Lesezeit":"1\u00a0Minute"},"schema":{"@context":"https:\/\/schema.org","@graph":[{"@type":"WebPage","@id":"http:\/\/berlin-boehm.de\/Kanty\/psychologie","url":"http:\/\/berlin-boehm.de\/Kanty\/psychologie","name":"Psychologie - Berliner Gelassenheit","isPartOf":{"@id":"http:\/\/berlin-boehm.de\/Kanty\/#website"},"datePublished":"2023-04-02T17:34:04+00:00","dateModified":"2026-02-24T16:33:15+00:00","breadcrumb":{"@id":"http:\/\/berlin-boehm.de\/Kanty\/psychologie#breadcrumb"},"inLanguage":"de","potentialAction":[{"@type":"ReadAction","target":["http:\/\/berlin-boehm.de\/Kanty\/psychologie"]}]},{"@type":"BreadcrumbList","@id":"http:\/\/berlin-boehm.de\/Kanty\/psychologie#breadcrumb","itemListElement":[{"@type":"ListItem","position":1,"name":"Startseite","item":"http:\/\/berlin-boehm.de\/Kanty\/"},{"@type":"ListItem","position":2,"name":"Psychologie"}]},{"@type":"WebSite","@id":"http:\/\/berlin-boehm.de\/Kanty\/#website","url":"http:\/\/berlin-boehm.de\/Kanty\/","name":"Berliner Gelassenheit","description":"Heiterkeit und Widerspr\u00fcche","publisher":{"@id":"http:\/\/berlin-boehm.de\/Kanty\/#\/schema\/person\/e7bb56a842d02bb40f4663709bf5242d"},"potentialAction":[{"@type":"SearchAction","target":{"@type":"EntryPoint","urlTemplate":"http:\/\/berlin-boehm.de\/Kanty\/?s={search_term_string}"},"query-input":{"@type":"PropertyValueSpecification","valueRequired":true,"valueName":"search_term_string"}}],"inLanguage":"de"},{"@type":["Person","Organization"],"@id":"http:\/\/berlin-boehm.de\/Kanty\/#\/schema\/person\/e7bb56a842d02bb40f4663709bf5242d","name":"Bartholom\u00e4us B\u00f6hm","logo":{"@id":"http:\/\/berlin-boehm.de\/Kanty\/#\/schema\/person\/image\/"},"description":"Prof. Dr. med. Dr. phil. Bartholom\u00e4us B\u00f6hm LL.M B.A. M.A B.Sc Chirurg, Philosoph, Jurist, Soziologe \u00d6konom, Kulturwissenschaftler","sameAs":["http:\/\/berlin-boehm.de"]}]}},"_links":{"self":[{"href":"http:\/\/berlin-boehm.de\/Kanty\/wp-json\/wp\/v2\/pages\/3536","targetHints":{"allow":["GET"]}}],"collection":[{"href":"http:\/\/berlin-boehm.de\/Kanty\/wp-json\/wp\/v2\/pages"}],"about":[{"href":"http:\/\/berlin-boehm.de\/Kanty\/wp-json\/wp\/v2\/types\/page"}],"author":[{"embeddable":true,"href":"http:\/\/berlin-boehm.de\/Kanty\/wp-json\/wp\/v2\/users\/1"}],"replies":[{"embeddable":true,"href":"http:\/\/berlin-boehm.de\/Kanty\/wp-json\/wp\/v2\/comments?post=3536"}],"version-history":[{"count":3,"href":"http:\/\/berlin-boehm.de\/Kanty\/wp-json\/wp\/v2\/pages\/3536\/revisions"}],"predecessor-version":[{"id":4679,"href":"http:\/\/berlin-boehm.de\/Kanty\/wp-json\/wp\/v2\/pages\/3536\/revisions\/4679"}],"wp:attachment":[{"href":"http:\/\/berlin-boehm.de\/Kanty\/wp-json\/wp\/v2\/media?parent=3536"}],"curies":[{"name":"wp","href":"https:\/\/api.w.org\/{rel}","templated":true}]}}