{"id":3359,"date":"2023-04-01T18:56:34","date_gmt":"2023-04-01T16:56:34","guid":{"rendered":"http:\/\/berlin-boehm.de\/Kanty\/?page_id=3359"},"modified":"2023-04-11T08:40:49","modified_gmt":"2023-04-11T06:40:49","slug":"soziologie","status":"publish","type":"page","link":"http:\/\/berlin-boehm.de\/Kanty\/soziologie","title":{"rendered":"Soziologie"},"content":{"rendered":"<div id='av-layout-grid-1'  class='av-layout-grid-container av-cfljgv-d506cd4246009b492b67a6e40599d470 entry-content-wrapper main_color av-flex-cells  avia-builder-el-0  el_before_av_layout_row  avia-builder-el-first   container_wrap fullsize'  >\n\n<style type=\"text\/css\" data-created_by=\"avia_inline_auto\" id=\"style-css-av-lfz49ccr-2277669946f8c66a893aa3e8d28957a4\">\n.flex_cell.av-lfz49ccr-2277669946f8c66a893aa3e8d28957a4{\nvertical-align:middle;\nheight:500px;\nmin-height:500px;\nbackground:url(http:\/\/berlin-boehm.de\/wp-content\/uploads\/2023\/04\/ZiegenBaum.jpg) 0% 0% no-repeat scroll #22689e;\n}\n.responsive #top #wrap_all .flex_cell.av-lfz49ccr-2277669946f8c66a893aa3e8d28957a4{\npadding:0px 0px 0px 0px !important;\n}\n<\/style>\n<div class='flex_cell av-lfz49ccr-2277669946f8c66a893aa3e8d28957a4 av-gridrow-cell av_one_half no_margin  avia-builder-el-1  el_before_av_cell_one_half  avia-builder-el-first  content-align-middle av-zero-padding avia-full-contain'  ><div class='flex_cell_inner'><\/div><\/div>\n<style type=\"text\/css\" data-created_by=\"avia_inline_auto\" id=\"style-css-av-a7xqq7-9e02b1f2480497c9ae9f0f6893c97998\">\n.flex_cell.av-a7xqq7-9e02b1f2480497c9ae9f0f6893c97998{\nvertical-align:middle;\nheight:500px;\nmin-height:500px;\nbackground-color:#22689e;\n}\n.responsive #top #wrap_all .flex_cell.av-a7xqq7-9e02b1f2480497c9ae9f0f6893c97998{\npadding:80px 80px 80px 80px !important;\n}\n<\/style>\n<div class='flex_cell av-a7xqq7-9e02b1f2480497c9ae9f0f6893c97998 av-gridrow-cell av_one_half no_margin  avia-builder-el-2  el_after_av_cell_one_half  avia-builder-el-last  content-align-middle'  ><div class='flex_cell_inner'><p>\n<style type=\"text\/css\" data-created_by=\"avia_inline_auto\" id=\"style-css-av-lfz460wi-0cd748544d299fa4b03281f9d410cb35\">\n#top .av-special-heading.av-lfz460wi-0cd748544d299fa4b03281f9d410cb35{\npadding-bottom:25px;\ncolor:#ffffff;\nfont-size:34px;\n}\nbody .av-special-heading.av-lfz460wi-0cd748544d299fa4b03281f9d410cb35 .av-special-heading-tag .heading-char{\nfont-size:25px;\n}\n#top #wrap_all .av-special-heading.av-lfz460wi-0cd748544d299fa4b03281f9d410cb35 .av-special-heading-tag{\nfont-size:34px;\n}\n.av-special-heading.av-lfz460wi-0cd748544d299fa4b03281f9d410cb35 .special-heading-inner-border{\nborder-color:#ffffff;\n}\n.av-special-heading.av-lfz460wi-0cd748544d299fa4b03281f9d410cb35 .av-subheading{\nfont-size:15px;\n}\n\n@media only screen and (min-width: 480px) and (max-width: 767px){ \n#top #wrap_all .av-special-heading.av-lfz460wi-0cd748544d299fa4b03281f9d410cb35 .av-special-heading-tag{\nfont-size:0.8em;\n}\n}\n\n@media only screen and (max-width: 479px){ \n#top #wrap_all .av-special-heading.av-lfz460wi-0cd748544d299fa4b03281f9d410cb35 .av-special-heading-tag{\nfont-size:0.8em;\n}\n}\n<\/style>\n<div  class='av-special-heading av-lfz460wi-0cd748544d299fa4b03281f9d410cb35 av-special-heading-h3 custom-color-heading blockquote modern-quote  avia-builder-el-3  el_before_av_textblock  avia-builder-el-first  av-inherit-size'><h3 class='av-special-heading-tag '  itemprop=\"headline\"  >Soziologie<\/h3><div class=\"special-heading-border\"><div class=\"special-heading-inner-border\"><\/div><\/div><\/div><br \/>\n\n<style type=\"text\/css\" data-created_by=\"avia_inline_auto\" id=\"style-css-av-lfz47zwh-711ce4b4e7ae3f2cc8c8ff6663d110b3\">\n#top .av_textblock_section.av-lfz47zwh-711ce4b4e7ae3f2cc8c8ff6663d110b3 .avia_textblock{\ncolor:#ffffff;\n}\n<\/style>\n<section  class='av_textblock_section av-lfz47zwh-711ce4b4e7ae3f2cc8c8ff6663d110b3 '   itemscope=\"itemscope\" itemtype=\"https:\/\/schema.org\/CreativeWork\" ><div class='avia_textblock av_inherit_color'  itemprop=\"text\" ><p>Wer nur die strukturelle bzw. institutionelle oder nur die individualistische bzw. handlungsorientierte Perspektive einnimmt, um ein soziales Ph\u00e4nomen zu verstehen, dem entgeht das Wesentliche sozialer Interaktionen.<\/p>\n<\/div><\/section><\/p>\n<\/div><\/div>\n<\/div>\n<div id='av-layout-grid-2'  class='av-layout-grid-container av-8pvda7-757b5dffdbdac236b3d2d08b5f6258ed entry-content-wrapper main_color av-flex-cells  avia-builder-el-5  el_after_av_layout_row  el_before_av_one_full  grid-row-not-first  container_wrap fullsize'  >\n\n<style type=\"text\/css\" data-created_by=\"avia_inline_auto\" id=\"style-css-av-7k2qm7-ff08cc48ba5df9f80cac20d8cf8a231d\">\n.flex_cell.av-7k2qm7-ff08cc48ba5df9f80cac20d8cf8a231d{\nvertical-align:middle;\nheight:500px;\nmin-height:500px;\nbackground-color:#22689e;\n}\n.responsive #top #wrap_all .flex_cell.av-7k2qm7-ff08cc48ba5df9f80cac20d8cf8a231d{\npadding:10px 0px 20px 60px !important;\n}\n<\/style>\n<div class='flex_cell av-7k2qm7-ff08cc48ba5df9f80cac20d8cf8a231d av-gridrow-cell av_one_half no_margin  avia-builder-el-6  el_before_av_cell_one_half  avia-builder-el-first  content-align-middle avia-full-stretch'  ><div class='flex_cell_inner'>\n<style type=\"text\/css\" data-created_by=\"avia_inline_auto\" id=\"style-css-av-lfzk0rcz-4dd2ad2cb3e3b382757cf8f0e45925df\">\n#top .av_textblock_section.av-lfzk0rcz-4dd2ad2cb3e3b382757cf8f0e45925df .avia_textblock{\ncolor:#ffffff;\n}\n<\/style>\n<section  class='av_textblock_section av-lfzk0rcz-4dd2ad2cb3e3b382757cf8f0e45925df '   itemscope=\"itemscope\" itemtype=\"https:\/\/schema.org\/CreativeWork\" ><div class='avia_textblock av_inherit_color'  itemprop=\"text\" ><h5>Sterblichkeit in Abh\u00e4ngigkeit von sozialer Ungleichheit in den Berliner Bezirken 2018<\/h5>\n<\/div><\/section><br \/>\n<div  class='avia-button-wrap av-lfzk84d9-17e973491d2049556270ed620e83c8a6-wrap avia-button-center  avia-builder-el-8  el_after_av_textblock  el_before_av_textblock '>\n<style type=\"text\/css\" data-created_by=\"avia_inline_auto\" id=\"style-css-av-lfzk84d9-17e973491d2049556270ed620e83c8a6\">\n#top #wrap_all .avia-button.av-lfzk84d9-17e973491d2049556270ed620e83c8a6{\nmargin:10px 0 30px 0;\n}\n<\/style>\n<a href='http:\/\/berlin-boehm.de\/Kanty\/archive\/4297'  class='avia-button av-lfzk84d9-17e973491d2049556270ed620e83c8a6 av-link-btn avia-icon_select-yes-left-icon avia-size-small avia-position-center avia-color-theme-color'   aria-label=\"Pdf lesen\"><span class='avia_button_icon avia_button_icon_left avia-iconfont avia-font-entypo-fontello' data-av_icon='\ue84e' data-av_iconfont='entypo-fontello' ><\/span><span class='avia_iconbox_title' >Pdf lesen<\/span><\/a><\/div><br \/>\n\n<style type=\"text\/css\" data-created_by=\"avia_inline_auto\" id=\"style-css-av-lfzk3p4r-7b7edad292176a0b32b3935da9312e64\">\n#top .av_textblock_section.av-lfzk3p4r-7b7edad292176a0b32b3935da9312e64 .avia_textblock{\ncolor:#ffffff;\n}\n<\/style>\n<section  class='av_textblock_section av-lfzk3p4r-7b7edad292176a0b32b3935da9312e64 '   itemscope=\"itemscope\" itemtype=\"https:\/\/schema.org\/CreativeWork\" ><div class='avia_textblock av_inherit_color'  itemprop=\"text\" ><h5>Bedeutung der Religion in allt\u00e4glichen Praktiken in der Bundesrepublik Deutschland im Jahr 2008 und 2018<\/h5>\n<\/div><\/section><br \/>\n<div  class='avia-button-wrap av-lfzk9q5h-37a95a6788cf4b65d7885e61a58b0e8c-wrap avia-button-center  avia-builder-el-10  el_after_av_textblock  el_before_av_textblock '>\n<style type=\"text\/css\" data-created_by=\"avia_inline_auto\" id=\"style-css-av-lfzk9q5h-37a95a6788cf4b65d7885e61a58b0e8c\">\n#top #wrap_all .avia-button.av-lfzk9q5h-37a95a6788cf4b65d7885e61a58b0e8c{\nmargin:10px 0 30px 0;\n}\n<\/style>\n<a href='http:\/\/berlin-boehm.de\/Kanty\/archive\/4293'  class='avia-button av-lfzk9q5h-37a95a6788cf4b65d7885e61a58b0e8c av-link-btn avia-icon_select-yes-left-icon avia-size-small avia-position-center avia-color-theme-color'   aria-label=\"Pdf lesen\"><span class='avia_button_icon avia_button_icon_left avia-iconfont avia-font-entypo-fontello' data-av_icon='\ue84e' data-av_iconfont='entypo-fontello' ><\/span><span class='avia_iconbox_title' >Pdf lesen<\/span><\/a><\/div><br \/>\n\n<style type=\"text\/css\" data-created_by=\"avia_inline_auto\" id=\"style-css-av-lfzk51p6-1974762d2e2a9921321e42f32f1ff84f\">\n#top .av_textblock_section.av-lfzk51p6-1974762d2e2a9921321e42f32f1ff84f .avia_textblock{\ncolor:#ffffff;\n}\n<\/style>\n<section  class='av_textblock_section av-lfzk51p6-1974762d2e2a9921321e42f32f1ff84f '   itemscope=\"itemscope\" itemtype=\"https:\/\/schema.org\/CreativeWork\" ><div class='avia_textblock av_inherit_color'  itemprop=\"text\" ><h5>Horizontale und vertikale Segregation der Geschlechter in der Deutschen \u00c4rzteschaft von 1998 bis 2019<\/h5>\n<\/div><\/section><br \/>\n<div  class='avia-button-wrap av-lfzka1hj-2c6c1ee9182c1490e6802288d4a0582f-wrap avia-button-center  avia-builder-el-12  el_after_av_textblock  el_before_av_textblock '>\n<style type=\"text\/css\" data-created_by=\"avia_inline_auto\" id=\"style-css-av-lfzka1hj-2c6c1ee9182c1490e6802288d4a0582f\">\n#top #wrap_all .avia-button.av-lfzka1hj-2c6c1ee9182c1490e6802288d4a0582f{\nmargin:10px 0 30px 0;\n}\n<\/style>\n<a href='http:\/\/berlin-boehm.de\/Kanty\/archive\/4287'  class='avia-button av-lfzka1hj-2c6c1ee9182c1490e6802288d4a0582f av-link-btn avia-icon_select-yes-left-icon avia-size-small avia-position-center avia-color-theme-color'   aria-label=\"Pdf lesen\"><span class='avia_button_icon avia_button_icon_left avia-iconfont avia-font-entypo-fontello' data-av_icon='\ue84e' data-av_iconfont='entypo-fontello' ><\/span><span class='avia_iconbox_title' >Pdf lesen<\/span><\/a><\/div><br \/>\n\n<style type=\"text\/css\" data-created_by=\"avia_inline_auto\" id=\"style-css-av-lfzjueil-cd231ab811b28f1039898cabf46dc091\">\n#top .av_textblock_section.av-lfzjueil-cd231ab811b28f1039898cabf46dc091 .avia_textblock{\ncolor:#ffffff;\n}\n<\/style>\n<section  class='av_textblock_section av-lfzjueil-cd231ab811b28f1039898cabf46dc091 '   itemscope=\"itemscope\" itemtype=\"https:\/\/schema.org\/CreativeWork\" ><div class='avia_textblock av_inherit_color'  itemprop=\"text\" ><h5>Die Bedeutung des Rational-Choice-Ansatzes im Modell der Frame-Selektion nach Esser\/Kroneberg<\/h5>\n<\/div><\/section><br \/>\n\n<style type=\"text\/css\" data-created_by=\"avia_inline_auto\" id=\"style-css-av-lfzjqukj-95b0aa000c2c0e364d760fb649cdc04f\">\n.avia-buttonrow-wrap.av-lfzjqukj-95b0aa000c2c0e364d760fb649cdc04f .avia-button{\npadding:10px 0 30px 0;\n}\n<\/style>\n<div  class='avia-buttonrow-wrap av-lfzjqukj-95b0aa000c2c0e364d760fb649cdc04f avia-buttonrow-center  avia-builder-el-14  el_after_av_textblock  el_before_av_textblock '>\n\n<style type=\"text\/css\" data-created_by=\"avia_inline_auto\" id=\"style-css-av-lfzjq1qg-43654d0e9e8bebb0af15d7f0dcdf71e1\">\n#top #wrap_all .avia-button.av-lfzjq1qg-43654d0e9e8bebb0af15d7f0dcdf71e1{\npadding:10px 10px 10px 10px;\nmargin-bottom:15px;\nmargin-right:8px;\nmargin-left:8px;\n}\n<\/style>\n<a href='http:\/\/berlin-boehm.de\/Kanty\/archive\/4279'  class='avia-button av-lfzjq1qg-43654d0e9e8bebb0af15d7f0dcdf71e1 avia-icon_select-yes-left-icon avia-size-small avia-color-theme-color'   aria-label=\"Pdf lesen\"><span class='avia_button_icon avia_button_icon_left avia-iconfont avia-font-entypo-fontello' data-av_icon='\ue84b' data-av_iconfont='entypo-fontello' ><\/span><span class='avia_iconbox_title' >Pdf lesen<\/span><\/a>\n\n<style type=\"text\/css\" data-created_by=\"avia_inline_auto\" id=\"style-css-av-lfzjqrem-2beff85184b0a0e2f146987968697021\">\n#top #wrap_all .avia-button.av-lfzjqrem-2beff85184b0a0e2f146987968697021{\npadding:10px 10px 10px 10px;\nmargin-bottom:15px;\nmargin-right:8px;\nmargin-left:8px;\n}\n<\/style>\n<a href='http:\/\/berlin-boehm.de\/Kanty\/archive\/3376'  class='avia-button av-lfzjqrem-2beff85184b0a0e2f146987968697021 avia-icon_select-yes-left-icon avia-size-small avia-color-theme-color'   aria-label=\"Lesen\"><span class='avia_button_icon avia_button_icon_left avia-iconfont avia-font-entypo-fontello' data-av_icon='\ue84e' data-av_iconfont='entypo-fontello' ><\/span><span class='avia_iconbox_title' >Lesen<\/span><\/a>\n<\/div><br \/>\n\n<style type=\"text\/css\" data-created_by=\"avia_inline_auto\" id=\"style-css-av-lfzk4bis-395e5f1d34841e8ecf080fc3f9c55be6\">\n#top .av_textblock_section.av-lfzk4bis-395e5f1d34841e8ecf080fc3f9c55be6 .avia_textblock{\ncolor:#ffffff;\n}\n<\/style>\n<section  class='av_textblock_section av-lfzk4bis-395e5f1d34841e8ecf080fc3f9c55be6 '   itemscope=\"itemscope\" itemtype=\"https:\/\/schema.org\/CreativeWork\" ><div class='avia_textblock av_inherit_color'  itemprop=\"text\" ><h5>Horizontale Segregation der Geschlechter in der \u00c4rzteschaft von 1975 bis 2018<\/h5>\n<\/div><\/section><br \/>\n\n<style type=\"text\/css\" data-created_by=\"avia_inline_auto\" id=\"style-css-av-lfzkcfl4-ec80ae02f32110c812c5e5648771a4eb\">\n.avia-buttonrow-wrap.av-lfzkcfl4-ec80ae02f32110c812c5e5648771a4eb .avia-button{\npadding:10px 0 30px 0;\n}\n<\/style>\n<div  class='avia-buttonrow-wrap av-lfzkcfl4-ec80ae02f32110c812c5e5648771a4eb avia-buttonrow-center  avia-builder-el-16  el_after_av_textblock  avia-builder-el-last '>\n\n<style type=\"text\/css\" data-created_by=\"avia_inline_auto\" id=\"style-css-av-lfzkc0wd-238dc54f2a846dc4b950ea618005584f\">\n#top #wrap_all .avia-button.av-lfzkc0wd-238dc54f2a846dc4b950ea618005584f{\npadding:10px 10px 10px 10px;\nmargin-bottom:15px;\nmargin-right:8px;\nmargin-left:8px;\n}\n<\/style>\n<a href='http:\/\/berlin-boehm.de\/Kanty\/archive\/4276'  class='avia-button av-lfzkc0wd-238dc54f2a846dc4b950ea618005584f avia-icon_select-yes-left-icon avia-size-small avia-color-theme-color'   aria-label=\"Pdf lesen\"><span class='avia_button_icon avia_button_icon_left avia-iconfont avia-font-entypo-fontello' data-av_icon='\ue84b' data-av_iconfont='entypo-fontello' ><\/span><span class='avia_iconbox_title' >Pdf lesen<\/span><\/a>\n\n<style type=\"text\/css\" data-created_by=\"avia_inline_auto\" id=\"style-css-av-lfzkcbmn-b3dab3a704273919206f811d75fafbc0\">\n#top #wrap_all .avia-button.av-lfzkcbmn-b3dab3a704273919206f811d75fafbc0{\npadding:10px 10px 10px 10px;\nmargin-bottom:15px;\nmargin-right:8px;\nmargin-left:8px;\n}\n<\/style>\n<a href='http:\/\/berlin-boehm.de\/Kanty\/archive\/3517'  class='avia-button av-lfzkcbmn-b3dab3a704273919206f811d75fafbc0 avia-icon_select-yes-left-icon avia-size-small avia-color-theme-color'   aria-label=\"Lesen\"><span class='avia_button_icon avia_button_icon_left avia-iconfont avia-font-entypo-fontello' data-av_icon='\ue84e' data-av_iconfont='entypo-fontello' ><\/span><span class='avia_iconbox_title' >Lesen<\/span><\/a>\n<\/div><\/p>\n<\/div><\/div>\n<style type=\"text\/css\" data-created_by=\"avia_inline_auto\" id=\"style-css-av-5kr0cf-1011bc78b3cdd21a16a044d09d5eed93\">\n.flex_cell.av-5kr0cf-1011bc78b3cdd21a16a044d09d5eed93{\nvertical-align:middle;\nheight:500px;\nmin-height:500px;\nbackground:url(http:\/\/berlin-boehm.de\/wp-content\/uploads\/2023\/04\/NewYork-scaled.jpg) 100% 100% no-repeat scroll #22689e;\n}\n.responsive #top #wrap_all .flex_cell.av-5kr0cf-1011bc78b3cdd21a16a044d09d5eed93{\npadding:80px 80px 80px 80px !important;\n}\n<\/style>\n<div class='flex_cell av-5kr0cf-1011bc78b3cdd21a16a044d09d5eed93 av-gridrow-cell av_one_half no_margin  avia-builder-el-17  el_after_av_cell_one_half  avia-builder-el-last  content-align-middle avia-full-contain'  ><div class='flex_cell_inner'><\/div><\/div><\/div><div id='after_grid_row_2'  class='main_color av_default_container_wrap container_wrap fullsize'  ><div class='container av-section-cont-open' ><div class='template-page content  av-content-full alpha units'><div class='post-entry post-entry-type-page post-entry-3359'><div class='entry-content-wrapper clearfix'><div  class='flex_column av-2i7ggf-670056c500c23a50210d44804e37ba37 av_one_full  avia-builder-el-18  el_after_av_layout_row  avia-builder-el-no-sibling  first flex_column_div  '     ><\/div><\/p>\n","protected":false},"excerpt":{"rendered":"","protected":false},"author":1,"featured_media":0,"parent":0,"menu_order":0,"comment_status":"closed","ping_status":"closed","template":"","meta":{"_themeisle_gutenberg_block_has_review":false,"footnotes":""},"class_list":["post-3359","page","type-page","status-publish","hentry"],"yoast_head":"<!-- This site is optimized with the Yoast SEO plugin v27.4 - https:\/\/yoast.com\/product\/yoast-seo-wordpress\/ -->\n<title>Soziologie - Berliner Gelassenheit<\/title>\n<meta name=\"robots\" content=\"index, follow, max-snippet:-1, max-image-preview:large, max-video-preview:-1\" \/>\n<link rel=\"canonical\" href=\"http:\/\/berlin-boehm.de\/Kanty\/soziologie\" \/>\n<meta property=\"og:locale\" content=\"de_DE\" \/>\n<meta property=\"og:type\" content=\"article\" \/>\n<meta property=\"og:title\" content=\"Soziologie - Berliner Gelassenheit\" \/>\n<meta property=\"og:url\" content=\"http:\/\/berlin-boehm.de\/Kanty\/soziologie\" \/>\n<meta property=\"og:site_name\" content=\"Berliner Gelassenheit\" \/>\n<meta property=\"article:modified_time\" content=\"2023-04-11T06:40:49+00:00\" \/>\n<meta name=\"twitter:card\" content=\"summary_large_image\" \/>\n<meta name=\"twitter:label1\" content=\"Gesch\u00e4tzte Lesezeit\" \/>\n\t<meta name=\"twitter:data1\" content=\"6\u00a0Minuten\" \/>\n<script type=\"application\/ld+json\" class=\"yoast-schema-graph\">{\"@context\":\"https:\\\/\\\/schema.org\",\"@graph\":[{\"@type\":\"WebPage\",\"@id\":\"http:\\\/\\\/berlin-boehm.de\\\/Kanty\\\/soziologie\",\"url\":\"http:\\\/\\\/berlin-boehm.de\\\/Kanty\\\/soziologie\",\"name\":\"Soziologie - Berliner Gelassenheit\",\"isPartOf\":{\"@id\":\"http:\\\/\\\/berlin-boehm.de\\\/Kanty\\\/#website\"},\"datePublished\":\"2023-04-01T16:56:34+00:00\",\"dateModified\":\"2023-04-11T06:40:49+00:00\",\"breadcrumb\":{\"@id\":\"http:\\\/\\\/berlin-boehm.de\\\/Kanty\\\/soziologie#breadcrumb\"},\"inLanguage\":\"de\",\"potentialAction\":[{\"@type\":\"ReadAction\",\"target\":[\"http:\\\/\\\/berlin-boehm.de\\\/Kanty\\\/soziologie\"]}]},{\"@type\":\"BreadcrumbList\",\"@id\":\"http:\\\/\\\/berlin-boehm.de\\\/Kanty\\\/soziologie#breadcrumb\",\"itemListElement\":[{\"@type\":\"ListItem\",\"position\":1,\"name\":\"Startseite\",\"item\":\"http:\\\/\\\/berlin-boehm.de\\\/Kanty\\\/\"},{\"@type\":\"ListItem\",\"position\":2,\"name\":\"Soziologie\"}]},{\"@type\":\"WebSite\",\"@id\":\"http:\\\/\\\/berlin-boehm.de\\\/Kanty\\\/#website\",\"url\":\"http:\\\/\\\/berlin-boehm.de\\\/Kanty\\\/\",\"name\":\"Berliner Gelassenheit\",\"description\":\"Heiterkeit und Widerspr\u00fcche\",\"publisher\":{\"@id\":\"http:\\\/\\\/berlin-boehm.de\\\/Kanty\\\/#\\\/schema\\\/person\\\/e7bb56a842d02bb40f4663709bf5242d\"},\"potentialAction\":[{\"@type\":\"SearchAction\",\"target\":{\"@type\":\"EntryPoint\",\"urlTemplate\":\"http:\\\/\\\/berlin-boehm.de\\\/Kanty\\\/?s={search_term_string}\"},\"query-input\":{\"@type\":\"PropertyValueSpecification\",\"valueRequired\":true,\"valueName\":\"search_term_string\"}}],\"inLanguage\":\"de\"},{\"@type\":[\"Person\",\"Organization\"],\"@id\":\"http:\\\/\\\/berlin-boehm.de\\\/Kanty\\\/#\\\/schema\\\/person\\\/e7bb56a842d02bb40f4663709bf5242d\",\"name\":\"Bartholom\u00e4us B\u00f6hm\",\"logo\":{\"@id\":\"http:\\\/\\\/berlin-boehm.de\\\/Kanty\\\/#\\\/schema\\\/person\\\/image\\\/\"},\"description\":\"Prof. Dr. med. Dr. phil. Bartholom\u00e4us B\u00f6hm LL.M B.A. M.A B.Sc Chirurg, Philosoph, Jurist, Soziologe \u00d6konom, Kulturwissenschaftler\",\"sameAs\":[\"http:\\\/\\\/berlin-boehm.de\"]}]}<\/script>\n<!-- \/ Yoast SEO plugin. -->","yoast_head_json":{"title":"Soziologie - Berliner Gelassenheit","robots":{"index":"index","follow":"follow","max-snippet":"max-snippet:-1","max-image-preview":"max-image-preview:large","max-video-preview":"max-video-preview:-1"},"canonical":"http:\/\/berlin-boehm.de\/Kanty\/soziologie","og_locale":"de_DE","og_type":"article","og_title":"Soziologie - Berliner Gelassenheit","og_url":"http:\/\/berlin-boehm.de\/Kanty\/soziologie","og_site_name":"Berliner Gelassenheit","article_modified_time":"2023-04-11T06:40:49+00:00","twitter_card":"summary_large_image","twitter_misc":{"Gesch\u00e4tzte Lesezeit":"6\u00a0Minuten"},"schema":{"@context":"https:\/\/schema.org","@graph":[{"@type":"WebPage","@id":"http:\/\/berlin-boehm.de\/Kanty\/soziologie","url":"http:\/\/berlin-boehm.de\/Kanty\/soziologie","name":"Soziologie - Berliner Gelassenheit","isPartOf":{"@id":"http:\/\/berlin-boehm.de\/Kanty\/#website"},"datePublished":"2023-04-01T16:56:34+00:00","dateModified":"2023-04-11T06:40:49+00:00","breadcrumb":{"@id":"http:\/\/berlin-boehm.de\/Kanty\/soziologie#breadcrumb"},"inLanguage":"de","potentialAction":[{"@type":"ReadAction","target":["http:\/\/berlin-boehm.de\/Kanty\/soziologie"]}]},{"@type":"BreadcrumbList","@id":"http:\/\/berlin-boehm.de\/Kanty\/soziologie#breadcrumb","itemListElement":[{"@type":"ListItem","position":1,"name":"Startseite","item":"http:\/\/berlin-boehm.de\/Kanty\/"},{"@type":"ListItem","position":2,"name":"Soziologie"}]},{"@type":"WebSite","@id":"http:\/\/berlin-boehm.de\/Kanty\/#website","url":"http:\/\/berlin-boehm.de\/Kanty\/","name":"Berliner Gelassenheit","description":"Heiterkeit und Widerspr\u00fcche","publisher":{"@id":"http:\/\/berlin-boehm.de\/Kanty\/#\/schema\/person\/e7bb56a842d02bb40f4663709bf5242d"},"potentialAction":[{"@type":"SearchAction","target":{"@type":"EntryPoint","urlTemplate":"http:\/\/berlin-boehm.de\/Kanty\/?s={search_term_string}"},"query-input":{"@type":"PropertyValueSpecification","valueRequired":true,"valueName":"search_term_string"}}],"inLanguage":"de"},{"@type":["Person","Organization"],"@id":"http:\/\/berlin-boehm.de\/Kanty\/#\/schema\/person\/e7bb56a842d02bb40f4663709bf5242d","name":"Bartholom\u00e4us B\u00f6hm","logo":{"@id":"http:\/\/berlin-boehm.de\/Kanty\/#\/schema\/person\/image\/"},"description":"Prof. Dr. med. Dr. phil. Bartholom\u00e4us B\u00f6hm LL.M B.A. M.A B.Sc Chirurg, Philosoph, Jurist, Soziologe \u00d6konom, Kulturwissenschaftler","sameAs":["http:\/\/berlin-boehm.de"]}]}},"_links":{"self":[{"href":"http:\/\/berlin-boehm.de\/Kanty\/wp-json\/wp\/v2\/pages\/3359","targetHints":{"allow":["GET"]}}],"collection":[{"href":"http:\/\/berlin-boehm.de\/Kanty\/wp-json\/wp\/v2\/pages"}],"about":[{"href":"http:\/\/berlin-boehm.de\/Kanty\/wp-json\/wp\/v2\/types\/page"}],"author":[{"embeddable":true,"href":"http:\/\/berlin-boehm.de\/Kanty\/wp-json\/wp\/v2\/users\/1"}],"replies":[{"embeddable":true,"href":"http:\/\/berlin-boehm.de\/Kanty\/wp-json\/wp\/v2\/comments?post=3359"}],"version-history":[{"count":18,"href":"http:\/\/berlin-boehm.de\/Kanty\/wp-json\/wp\/v2\/pages\/3359\/revisions"}],"predecessor-version":[{"id":4302,"href":"http:\/\/berlin-boehm.de\/Kanty\/wp-json\/wp\/v2\/pages\/3359\/revisions\/4302"}],"wp:attachment":[{"href":"http:\/\/berlin-boehm.de\/Kanty\/wp-json\/wp\/v2\/media?parent=3359"}],"curies":[{"name":"wp","href":"https:\/\/api.w.org\/{rel}","templated":true}]}}