{"id":3352,"date":"2023-04-01T18:20:29","date_gmt":"2023-04-01T16:20:29","guid":{"rendered":"http:\/\/berlin-boehm.de\/Kant\/?page_id=3352"},"modified":"2026-04-02T17:18:50","modified_gmt":"2026-04-02T15:18:50","slug":"lebenslauf","status":"publish","type":"page","link":"http:\/\/berlin-boehm.de\/Kanty\/lebenslauf","title":{"rendered":"Lebenslauf"},"content":{"rendered":"\n<style type=\"text\/css\" data-created_by=\"avia_inline_auto\" id=\"style-css-av-4tn560-927d7859ad2333e938ce9016cf554276\">\n.flex_column.av-4tn560-927d7859ad2333e938ce9016cf554276{\nbackground-color:#22689e;\n}\n<\/style>\n<div  class='flex_column av-4tn560-927d7859ad2333e938ce9016cf554276 av_one_full  avia-builder-el-0  el_before_av_hr  avia-builder-el-first  first flex_column_div  '     ><style type=\"text\/css\" data-created_by=\"avia_inline_auto\" id=\"style-css-av-lg17n7n1-e6fedbb21750375af795c89b5953be36\">\n#top .av-special-heading.av-lg17n7n1-e6fedbb21750375af795c89b5953be36{\nmargin:20px 20px 20px 20px;\npadding-bottom:0;\ncolor:#ffffff;\n}\nbody .av-special-heading.av-lg17n7n1-e6fedbb21750375af795c89b5953be36 .av-special-heading-tag .heading-char{\nfont-size:25px;\n}\n#top #wrap_all .av-special-heading.av-lg17n7n1-e6fedbb21750375af795c89b5953be36 .av-special-heading-tag{\npadding:5px 5px 5px 5px;\n}\n.av-special-heading.av-lg17n7n1-e6fedbb21750375af795c89b5953be36 .special-heading-inner-border{\nborder-color:#ffffff;\n}\n.av-special-heading.av-lg17n7n1-e6fedbb21750375af795c89b5953be36 .av-subheading{\nfont-size:15px;\n}\n<\/style>\n<div  class='av-special-heading av-lg17n7n1-e6fedbb21750375af795c89b5953be36 av-special-heading-h3 custom-color-heading blockquote classic-quote  avia-builder-el-1  avia-builder-el-no-sibling '><h3 class='av-special-heading-tag '  itemprop=\"headline\"  >Lebenslauf<\/h3><div class=\"special-heading-border\"><div class=\"special-heading-inner-border\"><\/div><\/div><\/div><\/div>\n<div  class='hr av-2vipjc-f4613b3365d3acf7e7779830493a800a hr-default  avia-builder-el-2  el_after_av_one_full  el_before_av_textblock '><span class='hr-inner '><span class=\"hr-inner-style\"><\/span><\/span><\/div>\n<section  class='av_textblock_section av-lg17ocm9-c8196c9fadfa537a2379f24c7e8befdd '   itemscope=\"itemscope\" itemtype=\"https:\/\/schema.org\/CreativeWork\" ><div class='avia_textblock'  itemprop=\"text\" ><p>Prof. Dr. med. Dr. phil. LL.M M.A. M.Sc B.Sc B.A.<\/p>\n<h3>Bartholom\u00e4us B\u00f6hm<\/h3>\n<p>Geburtsort: Hannover<\/p>\n<p>Konfession: Keine<\/p>\n<p>Verheiratet, zwei T\u00f6chter, zwei Enkels\u00f6hne, zwei Enkelt\u00f6chter<\/p>\n<h2><\/h2>\n<h2>Hochschulstudium<\/h2>\n<p>Mit einem Stipendium der Konrad-Adenauer-Stiftung vom SS 1979 bis zum WS 1984\/85<\/p>\n<h3>Studium der <strong>Medizin<\/strong> &#8211; Prof. Dr. med.<\/h3>\n<p>An der Heinrich-Heine-Universit\u00e4t in D\u00fcsseldorf von 1978 bis 1985<\/p>\n<p>Die Approbation wurde erteilt im Juni 1985 von der \u00c4rztekam\u00admer Nordrhein<\/p>\n<p><strong>Medizinische Promotion<\/strong> an der Universit\u00e4t D\u00fcsseldorf 1988 mit magna cum laude.<\/p>\n<p>Thema der medizinischen Dissertation: &#8222;Bestimmung der Sekretionleistung der ekkrinen Schwei\u03b2\u00addr\u00fcsen. Physiologi\u00adsche Varianten und Ver\u00e4nderungen bei entz\u00fcndlichen Hauterkrankungen.&#8220;<\/p>\n<h3>Studium der Philosophie &#8211; Dr. phil.<\/h3>\n<p>An der Heinrich-Heine-Universit\u00e4t D\u00fcsseldorf von 1979 bis 1987<\/p>\n<p><strong>Philosophische Promotion<\/strong> an der Universit\u00e4t D\u00fcsseldorf 1988 cum laudabile.<\/p>\n<p>Thema der Dissertation: &#8222;Identit\u00e4t und Identifikation. Zur Persistenz physikalischer Gegenst\u00e4nde.&#8220;<\/p>\n<h3>Studium der <strong>Rechtswissenschaften<\/strong> &#8211; LL.M<\/h3>\n<p>Studium der Rechtswissenschaften vom SS 2014 bis zum SS 2017 an der Fernuniversit\u00e4t in Hagen im <em><strong>Bachelorstudiengang <\/strong><\/em>abgeschlossen.<\/p>\n<p>Thema der Bachelorarbeit: &#8222;Die Mitbestimmung des Betriebsrates bei der Bestimmung der Arbeitszeit gem\u00e4\u00df \u00a7\u00a087\u00a0I\u00a0Nr.\u00a02\u00a0BetrVG&#8220;.<\/p>\n<p>Studium der Rechtswissenschaften vom WS 2017\/18 bis zum SS 2019 an der Fernuniversit\u00e4t in Hagen im <strong>Masterstudiengang <\/strong>abgeschlossen.<\/p>\n<p>Thema der Masterarbeit: &#8222;Die Begr\u00fcndungsprobleme der Strafbarkeit der Bekenntnisbeschimpfung gem\u00e4\u00df S 166 I StGB&#8220;.<\/p>\n<h3>Studium der Politikwissenschaften, Verwaltungswissenschaften und Soziologie &#8211; B.A.<\/h3>\n<p>Studium der Politikwissenschaften, Verwaltungswissenschaften und Soziologie vom WS 2016\/17 bis zum SS 2018 an der Fernuniversit\u00e4t in Hagen im <strong>Bachelorstudiengang mit Schwerpunkt Soziologie <\/strong>abgeschlossen.<\/p>\n<p>Thema der Bachelorarbeit: &#8222;Die Bedeutung des Rational-Choice-Ansatzes im Modell der Frame-Selektion nach Esser\/Kroneberg&#8220;.<\/p>\n<h3>Studium der Soziologie &#8211; M.A.<\/h3>\n<p>Studium der Soziologie vom WS 2018\/19 bis zum SS2020 an der Fernuniversit\u00e4t in Hagen im <strong>Masterstudiengang Soziologie &#8211; Zug\u00e4nge zur Gegenwartsgesellschaft <\/strong>abgeschlossen.<\/p>\n<p>Thema der Masterarbeit: &#8222;Horizontale und vertikale Segregation der Geschlechter in der Deutschen \u00c4rzteschaft von 1998 bis 2019&#8220;.<\/p>\n<h3>Studium der Wirtschaftswissenschaften &#8211; B.Sc<\/h3>\n<p>Studium der Wirtschaftswissenschaften vom WS 2018\/19 bis WS 2020\/21 an der Fernuniversit\u00e4t in Hagen im <strong>Bachelorstudiengang <\/strong>abgeschlossen<strong>.<\/strong><\/p>\n<p>Thema der Bachelorarbeit: &#8222;Die Privatisierung im deutschen Krankenhauswesen &#8211; Darstellung, Begr\u00fcndung und Kritik&#8220;.<\/p>\n<p>Studium der Wirtschaftswissenschaften vom WS 2023\/24 an der Fernuniversit\u00e4t in Hagen im <strong>Masterstudiengang <\/strong><\/p>\n<h3>Studium der Kulturwissenschaften &#8211; B.A.<\/h3>\n<p>Studium der Kulturwissenschaften vom SS 2020 bis SS 2022 an der Fernuniversit\u00e4t in Hagen im <strong>Bachelorstudiengang<\/strong> Kulturwissenschaften <strong>mit Fachschwerpunkt Philosophie abgeschlossen<\/strong>.<\/p>\n<p>Thema der Bachelorarbeit: \u201eZur wirtschaftsethischen Bewertung der Privatisierung von Krankenh\u00e4usern in Deutschland \u2013 \u00d6konomik versus integrierte Wirtschaftsethik\u201c.<\/p>\n<h3>Studium der Psychologie- M.Sc<\/h3>\n<p>Studium der Psychologie vom WS 2021\/22 bis SS 2024 an der Fernuniversit\u00e4t in Hagen im <strong>Bachelorstudiengang <\/strong>abgeschlossen<strong>.<br \/>\n<\/strong><\/p>\n<p>Thema der Bachelorarbeit: \u201eWie wirkt sich die Anwesenheit anderer Personen auf den Effekt der Sinnhaftigkeit von Arbeit aus?<\/p>\n<p>Studium der Psychologie vom WS 2024\/25 bis WS 25\/26 der Fernuniversit\u00e4t in Hagen im <strong>Masterstudiengang<\/strong><strong>.<\/strong><\/p>\n<p>Thema der Masterarbeit: &#8222;Meta-Analyse zu probabilistisches Entscheiden bei Kindern&#8220;.<\/p>\n<h3>Studium Geographischer Wissenschaften<\/h3>\n<p>Studium Geographischer Wissenschaften vom WS 2025\/26 an der Freien Universit\u00e4t Berlin im <strong>Bachelorstudiengang.<\/strong><\/p>\n<h2>Weiterbildung<\/h2>\n<p>Zum Arzt f\u00fcr Chirurgie am St\u00e4dtischen Krankhaus Nettetal\u00a01985-1986<\/p>\n<p>und am Marien-Hospital D\u00fcsseldorf 1986-1991<\/p>\n<p><strong>Arzt f\u00fcr Chirurgie<\/strong> seit 1991<\/p>\n<p>Schwerpunktbezeichnung \u201e<strong>Arzt f\u00fcr Visceralchirur\u00adgie<\/strong>&#8220; durch die \u00c4rztekammer Berlin am 24.7.97<\/p>\n<p>Schwerpunktbezeichnung \u201e<strong>Arzt f\u00fcr Gef\u00e4\u00dfchirurgie<\/strong>&#8220; durch die \u00c4rztekammer Berlin am 26.4.99<\/p>\n<p>Zusatzbezeichnung &#8222;<strong>Proktologie<\/strong>&#8220; durch die \u00c4rztekammer Thueringen am 21.6.07<\/p>\n<h4>Wissenschaftliche Laufbahn &#8211; Prof.<\/h4>\n<p><strong>Lehrbef\u00e4higung<\/strong> f\u00fcr das Fach Chirurgie am 8.11.95 an der Medizinischen Fakult\u00e4t der Humboldt Universit\u00e4t (Charit\u00e9) zu Berlin mit dem Thema &#8218;Die laparoskopische onkologische kolorektale Resektion&#8216;.<\/p>\n<p>Ernennung zum <strong>Privatdozenten<\/strong> an der Medizinischen Fakult\u00e4t der Humboldt Universit\u00e4t zu Berlin am 1.2.96<\/p>\n<p>Verleihung der W\u00fcrde eines <strong>apl. Professors<\/strong> an der Humboldt Universit\u00e4t zu Berlin am 4.9.01<\/p>\n<h2>Karriere<\/h2>\n<p><strong>Wissenschaftl. Assistent<\/strong> an der\u00a0Cleveland Clin\u00adic Foundation, Ohio, USA im Department of Colorectal Surgery 1992-94<\/p>\n<p><strong>Wissenschaftlicher Mitarbeiter<\/strong> an der Klinik und Poliklinik f\u00fcr Chirurgie der Humboldt Universit\u00e4t (Charite) zu Berlin vom 1994 bis zum 1995<\/p>\n<p><strong>Oberarzt<\/strong> an der Klinik und Poliklinik f\u00fcr Chirurgie der Humboldt Universit\u00e4t (Charite) zu Berlin ab 1995<\/p>\n<p><strong>Leitender Oberarzt<\/strong> an der Klinik und Poliklinik f\u00fcr Chirurgie der Humboldt Universit\u00e4t (Charite) zu Berlin ab 1999<\/p>\n<p><strong>Chefarzt<\/strong> der Klinik f\u00fcr Allgemein- und Viszeralchirurgie am HELIOS Klinikum Erfurt GmbH 5\/2002 bis 12\/2007<\/p>\n<p><strong>Chefarzt<\/strong> der Klinik f\u00fcr Chirurgie &#8211; Viszeral- und Gef\u00e4\u00dfchirurgie am Vivantes Klinikum Neuk\u00f6lln in Berlin ab 1\/2008 (seit 2015 nicht mehr klinisch t\u00e4tig).<\/p>\n<\/div><\/section>\n","protected":false},"excerpt":{"rendered":"","protected":false},"author":1,"featured_media":0,"parent":0,"menu_order":0,"comment_status":"closed","ping_status":"closed","template":"","meta":{"_themeisle_gutenberg_block_has_review":false,"footnotes":""},"class_list":["post-3352","page","type-page","status-publish","hentry"],"yoast_head":"<!-- This site is optimized with the Yoast SEO plugin v27.4 - https:\/\/yoast.com\/product\/yoast-seo-wordpress\/ -->\n<title>Lebenslauf - Berliner Gelassenheit<\/title>\n<meta name=\"robots\" content=\"index, follow, max-snippet:-1, max-image-preview:large, max-video-preview:-1\" \/>\n<link rel=\"canonical\" href=\"http:\/\/berlin-boehm.de\/Kanty\/lebenslauf\" \/>\n<meta property=\"og:locale\" content=\"de_DE\" \/>\n<meta property=\"og:type\" content=\"article\" \/>\n<meta property=\"og:title\" content=\"Lebenslauf - Berliner Gelassenheit\" \/>\n<meta property=\"og:url\" content=\"http:\/\/berlin-boehm.de\/Kanty\/lebenslauf\" \/>\n<meta property=\"og:site_name\" content=\"Berliner Gelassenheit\" \/>\n<meta property=\"article:modified_time\" content=\"2026-04-02T15:18:50+00:00\" \/>\n<meta name=\"twitter:card\" content=\"summary_large_image\" \/>\n<meta name=\"twitter:label1\" content=\"Gesch\u00e4tzte Lesezeit\" \/>\n\t<meta name=\"twitter:data1\" content=\"4\u00a0Minuten\" \/>\n<script type=\"application\/ld+json\" class=\"yoast-schema-graph\">{\"@context\":\"https:\\\/\\\/schema.org\",\"@graph\":[{\"@type\":\"WebPage\",\"@id\":\"http:\\\/\\\/berlin-boehm.de\\\/Kanty\\\/lebenslauf\",\"url\":\"http:\\\/\\\/berlin-boehm.de\\\/Kanty\\\/lebenslauf\",\"name\":\"Lebenslauf - Berliner Gelassenheit\",\"isPartOf\":{\"@id\":\"http:\\\/\\\/berlin-boehm.de\\\/Kanty\\\/#website\"},\"datePublished\":\"2023-04-01T16:20:29+00:00\",\"dateModified\":\"2026-04-02T15:18:50+00:00\",\"breadcrumb\":{\"@id\":\"http:\\\/\\\/berlin-boehm.de\\\/Kanty\\\/lebenslauf#breadcrumb\"},\"inLanguage\":\"de\",\"potentialAction\":[{\"@type\":\"ReadAction\",\"target\":[\"http:\\\/\\\/berlin-boehm.de\\\/Kanty\\\/lebenslauf\"]}]},{\"@type\":\"BreadcrumbList\",\"@id\":\"http:\\\/\\\/berlin-boehm.de\\\/Kanty\\\/lebenslauf#breadcrumb\",\"itemListElement\":[{\"@type\":\"ListItem\",\"position\":1,\"name\":\"Startseite\",\"item\":\"http:\\\/\\\/berlin-boehm.de\\\/Kanty\\\/\"},{\"@type\":\"ListItem\",\"position\":2,\"name\":\"Lebenslauf\"}]},{\"@type\":\"WebSite\",\"@id\":\"http:\\\/\\\/berlin-boehm.de\\\/Kanty\\\/#website\",\"url\":\"http:\\\/\\\/berlin-boehm.de\\\/Kanty\\\/\",\"name\":\"Berliner Gelassenheit\",\"description\":\"Heiterkeit und Widerspr\u00fcche\",\"publisher\":{\"@id\":\"http:\\\/\\\/berlin-boehm.de\\\/Kanty\\\/#\\\/schema\\\/person\\\/e7bb56a842d02bb40f4663709bf5242d\"},\"potentialAction\":[{\"@type\":\"SearchAction\",\"target\":{\"@type\":\"EntryPoint\",\"urlTemplate\":\"http:\\\/\\\/berlin-boehm.de\\\/Kanty\\\/?s={search_term_string}\"},\"query-input\":{\"@type\":\"PropertyValueSpecification\",\"valueRequired\":true,\"valueName\":\"search_term_string\"}}],\"inLanguage\":\"de\"},{\"@type\":[\"Person\",\"Organization\"],\"@id\":\"http:\\\/\\\/berlin-boehm.de\\\/Kanty\\\/#\\\/schema\\\/person\\\/e7bb56a842d02bb40f4663709bf5242d\",\"name\":\"Bartholom\u00e4us B\u00f6hm\",\"logo\":{\"@id\":\"http:\\\/\\\/berlin-boehm.de\\\/Kanty\\\/#\\\/schema\\\/person\\\/image\\\/\"},\"description\":\"Prof. Dr. med. Dr. phil. Bartholom\u00e4us B\u00f6hm LL.M B.A. M.A B.Sc Chirurg, Philosoph, Jurist, Soziologe \u00d6konom, Kulturwissenschaftler\",\"sameAs\":[\"http:\\\/\\\/berlin-boehm.de\"]}]}<\/script>\n<!-- \/ Yoast SEO plugin. -->","yoast_head_json":{"title":"Lebenslauf - Berliner Gelassenheit","robots":{"index":"index","follow":"follow","max-snippet":"max-snippet:-1","max-image-preview":"max-image-preview:large","max-video-preview":"max-video-preview:-1"},"canonical":"http:\/\/berlin-boehm.de\/Kanty\/lebenslauf","og_locale":"de_DE","og_type":"article","og_title":"Lebenslauf - Berliner Gelassenheit","og_url":"http:\/\/berlin-boehm.de\/Kanty\/lebenslauf","og_site_name":"Berliner Gelassenheit","article_modified_time":"2026-04-02T15:18:50+00:00","twitter_card":"summary_large_image","twitter_misc":{"Gesch\u00e4tzte Lesezeit":"4\u00a0Minuten"},"schema":{"@context":"https:\/\/schema.org","@graph":[{"@type":"WebPage","@id":"http:\/\/berlin-boehm.de\/Kanty\/lebenslauf","url":"http:\/\/berlin-boehm.de\/Kanty\/lebenslauf","name":"Lebenslauf - Berliner Gelassenheit","isPartOf":{"@id":"http:\/\/berlin-boehm.de\/Kanty\/#website"},"datePublished":"2023-04-01T16:20:29+00:00","dateModified":"2026-04-02T15:18:50+00:00","breadcrumb":{"@id":"http:\/\/berlin-boehm.de\/Kanty\/lebenslauf#breadcrumb"},"inLanguage":"de","potentialAction":[{"@type":"ReadAction","target":["http:\/\/berlin-boehm.de\/Kanty\/lebenslauf"]}]},{"@type":"BreadcrumbList","@id":"http:\/\/berlin-boehm.de\/Kanty\/lebenslauf#breadcrumb","itemListElement":[{"@type":"ListItem","position":1,"name":"Startseite","item":"http:\/\/berlin-boehm.de\/Kanty\/"},{"@type":"ListItem","position":2,"name":"Lebenslauf"}]},{"@type":"WebSite","@id":"http:\/\/berlin-boehm.de\/Kanty\/#website","url":"http:\/\/berlin-boehm.de\/Kanty\/","name":"Berliner Gelassenheit","description":"Heiterkeit und Widerspr\u00fcche","publisher":{"@id":"http:\/\/berlin-boehm.de\/Kanty\/#\/schema\/person\/e7bb56a842d02bb40f4663709bf5242d"},"potentialAction":[{"@type":"SearchAction","target":{"@type":"EntryPoint","urlTemplate":"http:\/\/berlin-boehm.de\/Kanty\/?s={search_term_string}"},"query-input":{"@type":"PropertyValueSpecification","valueRequired":true,"valueName":"search_term_string"}}],"inLanguage":"de"},{"@type":["Person","Organization"],"@id":"http:\/\/berlin-boehm.de\/Kanty\/#\/schema\/person\/e7bb56a842d02bb40f4663709bf5242d","name":"Bartholom\u00e4us B\u00f6hm","logo":{"@id":"http:\/\/berlin-boehm.de\/Kanty\/#\/schema\/person\/image\/"},"description":"Prof. Dr. med. Dr. phil. Bartholom\u00e4us B\u00f6hm LL.M B.A. M.A B.Sc Chirurg, Philosoph, Jurist, Soziologe \u00d6konom, Kulturwissenschaftler","sameAs":["http:\/\/berlin-boehm.de"]}]}},"_links":{"self":[{"href":"http:\/\/berlin-boehm.de\/Kanty\/wp-json\/wp\/v2\/pages\/3352","targetHints":{"allow":["GET"]}}],"collection":[{"href":"http:\/\/berlin-boehm.de\/Kanty\/wp-json\/wp\/v2\/pages"}],"about":[{"href":"http:\/\/berlin-boehm.de\/Kanty\/wp-json\/wp\/v2\/types\/page"}],"author":[{"embeddable":true,"href":"http:\/\/berlin-boehm.de\/Kanty\/wp-json\/wp\/v2\/users\/1"}],"replies":[{"embeddable":true,"href":"http:\/\/berlin-boehm.de\/Kanty\/wp-json\/wp\/v2\/comments?post=3352"}],"version-history":[{"count":15,"href":"http:\/\/berlin-boehm.de\/Kanty\/wp-json\/wp\/v2\/pages\/3352\/revisions"}],"predecessor-version":[{"id":4685,"href":"http:\/\/berlin-boehm.de\/Kanty\/wp-json\/wp\/v2\/pages\/3352\/revisions\/4685"}],"wp:attachment":[{"href":"http:\/\/berlin-boehm.de\/Kanty\/wp-json\/wp\/v2\/media?parent=3352"}],"curies":[{"name":"wp","href":"https:\/\/api.w.org\/{rel}","templated":true}]}}